{"id":417,"date":"2024-09-17T08:32:59","date_gmt":"2024-09-17T06:32:59","guid":{"rendered":"https:\/\/babboportocolom.com\/privacy-policy\/"},"modified":"2024-09-19T10:11:17","modified_gmt":"2024-09-19T08:11:17","slug":"privacy-policy","status":"publish","type":"page","link":"https:\/\/babboportocolom.com\/en\/privacy-policy\/","title":{"rendered":"Privacy Policy"},"content":{"rendered":"<p>[et_pb_section fb_built=&#8221;1&#8243; custom_padding_last_edited=&#8221;on|tablet&#8221; _builder_version=&#8221;4.27.0&#8243; _module_preset=&#8221;default&#8221; background_color=&#8221;#2f1d13&#8243; background_enable_image=&#8221;off&#8221; parallax=&#8221;on&#8221; custom_padding=&#8221;80px||80px||true|false&#8221; custom_padding_tablet=&#8221;160px||160px||true|false&#8221; custom_padding_phone=&#8221;120px||120px||true|false&#8221; locked=&#8221;off&#8221; global_colors_info=&#8221;{}&#8221;][et_pb_row _builder_version=&#8221;4.27.0&#8243; _module_preset=&#8221;default&#8221; global_colors_info=&#8221;{}&#8221;][et_pb_column type=&#8221;4_4&#8243; _builder_version=&#8221;4.27.0&#8243; _module_preset=&#8221;default&#8221; global_colors_info=&#8221;{}&#8221;][et_pb_text _builder_version=&#8221;4.27.0&#8243; _module_preset=&#8221;default&#8221; header_2_font=&#8221;Inria Sans|300||on|||||&#8221; header_2_text_align=&#8221;left&#8221; header_2_text_color=&#8221;#FFFFFF&#8221; header_2_font_size=&#8221;53px&#8221; header_2_line_height=&#8221;1.1em&#8221; max_width_tablet=&#8221;100%&#8221; max_width_phone=&#8221;100%&#8221; max_width_last_edited=&#8221;off|desktop&#8221; hover_enabled=&#8221;0&#8243; header_2_font_size_tablet=&#8221;55px&#8221; header_2_font_size_phone=&#8221;30px&#8221; header_2_font_size_last_edited=&#8221;on|phone&#8221; locked=&#8221;off&#8221; global_colors_info=&#8221;{}&#8221; sticky_enabled=&#8221;0&#8243;]<\/p>\n<h2 style=\"text-align: center;\">Privacy Policy<\/h2>\n<p>[\/et_pb_text][et_pb_button button_url=&#8221;#Legales&#8221; button_text=&#8221;SEE LEGAL&#8221; button_alignment=&#8221;center&#8221; _builder_version=&#8221;4.27.0&#8243; _module_preset=&#8221;default&#8221; custom_button=&#8221;on&#8221; button_text_size=&#8221;13px&#8221; button_text_color=&#8221;#f6f3ef&#8221; button_bg_color=&#8221;#dc7f2d&#8221; button_border_color=&#8221;RGBA(255,255,255,0)&#8221; button_border_radius=&#8221;0px&#8221; button_letter_spacing=&#8221;1px&#8221; button_font=&#8221;Assistant|700||on|||||&#8221; button_use_icon=&#8221;off&#8221; custom_margin=&#8221;0px||0px||false|false&#8221; custom_margin_tablet=&#8221;0px||80px||false|false&#8221; custom_margin_phone=&#8221;0px||55px||false|false&#8221; custom_margin_last_edited=&#8221;on|tablet&#8221; custom_padding=&#8221;18px|48px|18px|48px|true|false&#8221; custom_css_main_element=&#8221;animation-name: updown;||    animation-duration: 5s;||    animation-iteration-count: infinite;||    animation-timing-function: ease-in-out;||    margin-left: 0px;||    margin-top: 0px;||}||||@keyframes updown {||    from { transform: translate(0,  15px); }||    50%  { transform: translate(0, -15px); }||    to   { transform: translate(0, 15px); }    ||&#8221; locked=&#8221;off&#8221; global_colors_info=&#8221;{}&#8221; button_bg_color__hover_enabled=&#8221;on|desktop&#8221; button_bg_color__hover=&#8221;#3b271b&#8221; button_bg_enable_color__hover=&#8221;on&#8221; button_border_color__hover_enabled=&#8221;on|hover&#8221; button_border_color__hover=&#8221;#8d7356&#8243;][\/et_pb_button][\/et_pb_column][\/et_pb_row][\/et_pb_section][et_pb_section fb_built=&#8221;1&#8243; custom_padding_last_edited=&#8221;on|phone&#8221; module_id=&#8221;Legales&#8221; _builder_version=&#8221;4.27.0&#8243; _module_preset=&#8221;default&#8221; background_color=&#8221;#f6f3ef&#8221; background_enable_image=&#8221;off&#8221; parallax=&#8221;on&#8221; custom_padding_tablet=&#8221;0px||0px||true|false&#8221; custom_padding_phone=&#8221;0px||0px||true|false&#8221; locked=&#8221;off&#8221; global_colors_info=&#8221;{}&#8221;][et_pb_row _builder_version=&#8221;4.27.0&#8243; _module_preset=&#8221;default&#8221; global_colors_info=&#8221;{}&#8221;][et_pb_column type=&#8221;4_4&#8243; _builder_version=&#8221;4.27.0&#8243; _module_preset=&#8221;default&#8221; global_colors_info=&#8221;{}&#8221;][et_pb_text _builder_version=&#8221;4.27.0&#8243; _module_preset=&#8221;default&#8221; text_font=&#8221;Inria Sans||||||||&#8221; text_text_color=&#8221;#6b6e71&#8243; text_font_size=&#8221;18px&#8221; text_line_height=&#8221;1.4em&#8221; link_text_color=&#8221;#DC7F2D&#8221; header_3_font=&#8221;Inria Sans|||on|||||&#8221; header_3_text_color=&#8221;#2F1D13&#8243; global_colors_info=&#8221;{}&#8221;]<\/p>\n<h3><strong>Datos del propietario de la web:<\/strong><\/h3>\n<figure class=\"wp-block-table\">\n<table class=\"has-fixed-layout\">\n<tbody>\n<tr>\n<td>RAZ\u00d3N SOCIAL<\/td>\n<td>PORTO TEAM SLU<\/td>\n<\/tr>\n<tr>\n<td>NIF<\/td>\n<td>B57305427<\/td>\n<\/tr>\n<tr>\n<td>DIRECCI\u00d3N<br \/>POSTAL<\/td>\n<td>TONI COSTA 13 07660, CALA D\u2019OR (ILLES BALEARS)<\/td>\n<\/tr>\n<tr>\n<td>DIRECCI\u00d3N<br \/>ELECTR\u00d3NICA<\/td>\n<td>reservas@hostalportocolom.com<\/td>\n<\/tr>\n<tr>\n<td>TEL\u00c9FONOS<\/td>\n<td>971 825 323<\/td>\n<\/tr>\n<tr>\n<td>REGISTRO<br \/>MERCANTIL<\/td>\n<td>tomo \u2026\u2026\u2026\u2026\u2026.., folio \u2026\u2026\u2026\u2026\u2026.., hoja \u2026\u2026\u2026\u2026\u2026.. e inscripci\u00f3n \u2026\u2026\u2026\u2026\u2026..<\/td>\n<\/tr>\n<tr>\n<td>OBJETO<br \/>PRINCIPAL<\/td>\n<td>reserva de alojamientos y servicios vacacionales<\/td>\n<\/tr>\n<\/tbody>\n<\/table>\n<\/figure>\n<h3><strong>Protecci\u00f3n de datos<\/strong><\/h3>\n<p>De conformidad con la normativa vigente y aplicable en protecci\u00f3n de datos de car\u00e1cter personal, le informamos que sus datos ser\u00e1n incorporados al sistema de tratamiento titularidad de PORTO TEAM SLU con NIF B57305427 y domicilio social sito en TONI COSTA 13 07660, CALA D\u2019OR (ILLES BALEARS), y que a continuaci\u00f3n se relacionan sus respectivas finalidades, plazos de conservaci\u00f3n y bases legitimadoras. Para aquellos tratamientos que lo requieran, se informa tambi\u00e9n de la posible elaboraci\u00f3n de perfiles y decisiones automatizadas, as\u00ed como las posibles cesiones y las transferencias internacionales que PORTO TEAM SLU tiene previsto realizar:<\/p>\n<h3><strong>TRATAMIENTOS REALIZADOS<\/strong><\/h3>\n<p><strong>Gesti\u00f3n de la p\u00e1gina web<\/strong><\/p>\n<ul>\n<li><strong>Finalidad:<\/strong> Tratamiento y gesti\u00f3n de los datos necesarios para la funcionalidad de la p\u00e1gina web.<\/li>\n<li><strong>Plazo de conservaci\u00f3n:<\/strong> mientras perdure el consentimiento prestado.<\/li>\n<li><strong>Base leg\u00edtima:<\/strong> El consentimiento del interesado.<\/li>\n<li><strong>Tipolog\u00eda de Datos:<\/strong> Datos meramente identificativos.<\/li>\n<li><strong>Cesiones:<\/strong> No se prev\u00e9n.<\/li>\n<li><strong>Transferencias internacionales:<\/strong> No se prev\u00e9n.<\/li>\n<li><strong>Elaboraciones de perfiles:<\/strong> No se prev\u00e9n.<\/li>\n<\/ul>\n<p><strong>Formulario web<\/strong><\/p>\n<ul>\n<ul>\n<li><strong>Finalidad:<\/strong> Atender sus consultas y\/o solicitudes.<\/li>\n<li><strong>Plazo de conservaci\u00f3n:<\/strong> mientras se mantenga el consentimiento prestado.<\/li>\n<li><strong>Base leg\u00edtima<\/strong>: El consentimiento del interesado.<\/li>\n<li><strong>Tipolog\u00eda de Datos:<\/strong> Datos meramente identificativos.<\/li>\n<li><strong>Cesiones:<\/strong> Ninguna.<\/li>\n<li><strong>Transferencias internacionales:<\/strong> No se prev\u00e9n.<\/li>\n<li><strong>Elaboraciones de perfiles:<\/strong> No se prev\u00e9n.<\/li>\n<\/ul>\n<\/ul>\n<p><strong>Gesti\u00f3n del cumplimiento normativo<\/strong><\/p>\n<ul>\n<li><strong>Finalidad:<\/strong> Gesti\u00f3n y tramitaci\u00f3n de las obligaciones y deberes que se deriven del cumplimiento de la normativa a la cual est\u00e1 sujeta la entidad.<\/li>\n<li><strong>Plazo de conservaci\u00f3n:<\/strong> conservaci\u00f3n de las copias de los documentos hasta que prescriban las acciones para reclamarle una posible responsabilidad.<\/li>\n<li><strong>Base leg\u00edtima:<\/strong> El cumplimiento de una ley.<\/li>\n<li><strong>Tipolog\u00eda de Datos:<\/strong> Datos meramente identificativos.<\/li>\n<li><strong>Cesiones:<\/strong> sus datos ser\u00e1n comunicados en caso de ser necesario a Organismos y\/o administraci\u00f3n p\u00fablica con competencia en la materia con la finalidad de cumplir con las obligaciones establecidas en la normativa aplicable. Adem\u00e1s, se informa que la base legitimadora de la cesi\u00f3n es cumplir con las obligaciones establecidas en la normativa aplicable.<\/li>\n<li><strong>Transferencias internacionales:<\/strong> No se prev\u00e9n.<\/li>\n<li><strong>Elaboraciones de perfiles:<\/strong> No se prev\u00e9n.<\/li>\n<\/ul>\n<p><strong>Acciones Comerciales<\/strong><\/p>\n<ul class=\"wp-block-list\">\n<li><strong>Finalidad:<\/strong> Captaci\u00f3n, registro y tratamiento de datos con finalidades de publicidad y prospecci\u00f3n comercial de nuestros productos y\/o servicios.<\/li>\n<li><strong>Plazo de conservaci\u00f3n:<\/strong> mientras se mantenga el consentimiento prestado.<\/li>\n<li><strong>Base leg\u00edtima:<\/strong> El consentimiento del interesado.<\/li>\n<li><strong>Tipolog\u00eda de Datos:<\/strong> Datos meramente identificativos.<\/li>\n<li><strong>Cesiones:<\/strong> Ninguna.<\/li>\n<li><strong>Transferencias internacionales:<\/strong> No se prev\u00e9n.<\/li>\n<li><strong>Elaboraciones de perfiles:<\/strong> No se prev\u00e9n.<\/li>\n<\/ul>\n<p><strong>Gesti\u00f3n de la compra y\/o contrataci\u00f3n de servicios<\/strong><\/p>\n<ul class=\"wp-block-list\">\n<li><strong>Finalidad:<\/strong> Captaci\u00f3n, registro y tratamiento de datos con finalidades de publicidad y prospecci\u00f3n comercial de nuestros productos y\/o servicios.<\/li>\n<li><strong>Plazo de conservaci\u00f3n:<\/strong> mientras se mantenga el consentimiento prestado.<\/li>\n<li><strong>Base leg\u00edtima:<\/strong> El consentimiento del interesado.<\/li>\n<li><strong>Tipolog\u00eda de Datos:<\/strong> Datos meramente identificativos.<\/li>\n<li><strong>Cesiones:<\/strong> Ninguna.<\/li>\n<li><strong>Transferencias internacionales:<\/strong> No se prev\u00e9n.<\/li>\n<li><strong>Elaboraciones de perfiles:<\/strong> No se prev\u00e9n.<\/li>\n<\/ul>\n<p><strong>Gesti\u00f3n econ\u00f3mica y administrativa<\/strong><\/p>\n<ul class=\"wp-block-list\">\n<li><strong>Finalidad:<\/strong> Gesti\u00f3n administrativa, facturaci\u00f3n, contabilidad y obligaciones legales.<\/li>\n<li><strong>Plazo de conservaci\u00f3n:<\/strong> 5 a\u00f1os en cumplimiento de la ley tributaria y 10 a\u00f1os la documentaci\u00f3n fiscal en cumplimiento de la L.O.7\/2012.<\/li>\n<li><strong>Base leg\u00edtima:<\/strong> El consentimiento del interesado.<\/li>\n<li><strong>Tipolog\u00eda de Datos:<\/strong> Datos meramente identificativos.<\/li>\n<li><strong>Cesiones:<\/strong> sus datos ser\u00e1n comunicados en caso de ser necesario a Agencia Tributaria, Bancos, Cajas y Organismos y\/o administraci\u00f3n p\u00fablica con competencia en la materia con la finalidad de cumplir con las obligaciones tributarias y fiscales establecidas en la normativa aplicable. Adem\u00e1s, se informa que la base legitimadora de la cesi\u00f3n es cumplir con las obligaciones establecidas en la normativa aplicable.<\/li>\n<li><strong>Transferencias internacionales<\/strong>: No se prev\u00e9n.<\/li>\n<li><strong>Elaboraciones de perfiles:<\/strong> No se prev\u00e9n.<\/li>\n<\/ul>\n<p><strong>Gesti\u00f3n de las reservas<\/strong><\/p>\n<ul class=\"wp-block-list\">\n<li><strong>Finalidad:<\/strong> Registro y gesti\u00f3n de las reservas.<\/li>\n<li><strong>Plazo de conservaci\u00f3n:<\/strong> 3 a\u00f1os, en cumplimiento de la Orden INT\/1922\/2003, de 3 de julio, sobre libros-registro y partes de entrada de viajeros en establecimientos de hosteler\u00eda y otros an\u00e1logos.<\/li>\n<li><strong>Base leg\u00edtima:<\/strong> El consentimiento del interesado<\/li>\n<li><strong>Tipolog\u00eda de Datos:<\/strong> Datos meramente identificativos.<\/li>\n<li><strong>Cesiones:<\/strong> sus datos ser\u00e1n comunicados en caso de ser necesario a la Agencia Tributaria, Bancos y Cajas, Fuerzas y Cuerpos de Seguridad y autoridades competentes con la finalidad de cumplir con las obligaciones administrativas y de seguridad establecidas en la normativa aplicable. Adem\u00e1s, se informa que la base legitimadora de la cesi\u00f3n es cumplir con las obligaciones establecidas en la normativa aplicable.<\/li>\n<li><strong>Transferencias internacionales:<\/strong> No se prev\u00e9n<\/li>\n<li><strong>Elaboraciones de perfiles:<\/strong> No se prev\u00e9n.<\/li>\n<\/ul>\n<h3><strong>Derechos de los interesados<\/strong><\/h3>\n<p><span>PORTO TEAM SLU informa a los Usuarios que, podr\u00e1 ejercer los derechos de acceso, rectificaci\u00f3n, limitaci\u00f3n, <\/span><span>supresi\u00f3n, portabilidad y oposici\u00f3n al tratamiento de sus datos de car\u00e1cter personal ante el Responsable del <\/span><span>Tratamiento, as\u00ed como a la retirada del consentimiento prestado.<\/span><\/p>\n<ul>\n<li><strong>Derecho de Acceso:<\/strong> Es el derecho del usuario a obtener informaci\u00f3n sobre sus datos concretos de car\u00e1cter personal y del tratamiento que se haya realizado o realice, as\u00ed como de la informaci\u00f3n disponible sobre el origen de dichos datos y las comunicaciones realizadas o previstas de los mismos.<br \/><strong>\u25aa Derecho de Rectificaci\u00f3n:<\/strong> Es el derecho del afectado a que se modifiquen los datos que resulten ser inexactos o incompletos. S\u00f3lo podr\u00e1 satisfacerse en relaci\u00f3n a aquella informaci\u00f3n que se encuentre bajo el control de PORTO TEAM SLU, por ejemplo, eliminar comentarios publicados en la propia p\u00e1gina, im\u00e1genes o contenidos web donde consten datos de car\u00e1cter personal del usuario.<br \/><strong>\u25aa Derecho a la Limitaci\u00f3n de tratamiento:<\/strong> Es el derecho a que se limiten los fines del tratamiento previstos de forma original por el responsable del tratamiento.<br \/><strong>\u25aa Derecho de Supresi\u00f3n:<\/strong> Es el derecho a suprimir los datos de car\u00e1cter personal del usuario, a excepci\u00f3n de lo previsto en el propio RGPD o en otras normativas aplicables que determinen la obligatoriedad de la conservaci\u00f3n de los mismos, en tiempo y forma.<br \/><strong>\u25aa Derecho de portabilidad:<\/strong> El derecho a recibir los datos personales que el usuario, haya facilitado, en un formato estructurado, de uso com\u00fan y lectura mec\u00e1nica, y a transmitirlos a otro responsable.<br \/><strong>\u25aa Derecho de Oposici\u00f3n:<\/strong> Es el derecho del usuario a que no se lleve a cabo el tratamiento de sus datos de car\u00e1cter personal o se cese el tratamiento de los mismos por parte de PORTO TEAM SLU.<\/li>\n<\/ul>\n<p>Para poder ejercer cualquiera de los derechos descritos anteriormente deber\u00e1 cumplir con los siguientes<br \/>requisitos:<\/p>\n<ul class=\"wp-block-list\">\n<li>Presentaci\u00f3n de un escrito a la direcci\u00f3n TONI COSTA 13 07660, CALA D\u2019OR (ILLES BALEARS) (a la atenci\u00f3n de PORTO TEAM SLU) o bien a trav\u00e9s de correo electr\u00f3nico a<br \/><a href=\"mailto:reservas@hostalportocolom.com\">reservas@hostalportocolom.com<\/a><\/li>\n<li>El escrito remitido por el titular de los datos que solicite el ejercicio deber\u00e1 de cumplir los siguientes requisitos legales: o Nombre, apellidos del interesado y copia del DNI\/NIE o cualquier documento identificativo. En los excepcionales casos en que se admita la representaci\u00f3n, ser\u00e1 tambi\u00e9n necesaria la identificaci\u00f3n por el mismo medio de la persona que le representa, as\u00ed como el documento acreditativo de la representaci\u00f3n. La fotocopia del DNI podr\u00e1 ser sustituida siempre que se acredite la identidad por cualquier otro medio v\u00e1lido en derecho.<\/li>\n<\/ul>\n<p><strong>Asesoramiento y adaptaci\u00f3n a la lssi-ce \u00b7 documentaci\u00f3n <\/strong>o Petici\u00f3n en que se concreta la solicitud. (Ejercicio en el que se solicita la informaci\u00f3n a la que se quiere acceder). Si no hace referencia a un fichero concreto se le facilitar\u00e1 toda la informaci\u00f3n que se tenga con sus datos de car\u00e1cter personal. Si solicita informaci\u00f3n de un fichero en concreto, s\u00f3lo la informaci\u00f3n de este fichero. Si solicita informaci\u00f3n relativa a un tercero nunca se podr\u00e1 facilitar. Si lo solicita por tel\u00e9fono se le indicar\u00e1 que lo haga por escrito y se le informar\u00e1 de c\u00f3mo lo puede hacer y la direcci\u00f3n a la que tiene que enviarlo. Nunca se le dar\u00e1 informaci\u00f3n por tel\u00e9fono.<br \/>o Domicilio a efectos de notificaciones.<br \/>o Fecha y firma del solicitante.<br \/>o Documentos acreditativos de la petici\u00f3n que formula.<br \/>o El interesado debe utilizar cualquier medio que permita acreditar el env\u00edo y la recepci\u00f3n de la solicitud.<\/p>\n<p>Por \u00faltimo, le informamos que Usted tiene derecho a presentar una reclamaci\u00f3n ante la Agencia Espa\u00f1ola de Protecci\u00f3n de Datos en caso de que tenga conocimiento o considere que un hecho pueda suponer un incumplimiento de la normativa aplicable en materia de protecci\u00f3n de datos.<\/p>\n<p>PORTO TEAM SLU se compromete a adoptar las medidas t\u00e9cnicas y organizativas necesarias, acorde al nivel de riesgos que acompa\u00f1an los tratamientos realizados por \u00e9stas e indicados en el apartado de los t\u00e9rminos y condiciones de uso, de forma que garanticen su integridad, confidencialidad y disponibilidad.<\/p>\n<p>[\/et_pb_text][\/et_pb_column][\/et_pb_row][\/et_pb_section]<\/p>\n","protected":false},"excerpt":{"rendered":"<p>Privacy PolicyDatos del propietario de la web: RAZ\u00d3N SOCIAL PORTO TEAM SLU NIF B57305427 DIRECCI\u00d3NPOSTAL TONI COSTA 13 07660, CALA D\u2019OR (ILLES BALEARS) DIRECCI\u00d3NELECTR\u00d3NICA reservas@hostalportocolom.com TEL\u00c9FONOS 971 825 323 REGISTROMERCANTIL tomo \u2026\u2026\u2026\u2026\u2026.., folio \u2026\u2026\u2026\u2026\u2026.., hoja \u2026\u2026\u2026\u2026\u2026.. e inscripci\u00f3n \u2026\u2026\u2026\u2026\u2026.. OBJETOPRINCIPAL reserva de alojamientos y servicios vacacionales Protecci\u00f3n de datos De conformidad con la normativa vigente [&hellip;]<\/p>\n","protected":false},"author":2,"featured_media":0,"parent":0,"menu_order":0,"comment_status":"closed","ping_status":"closed","template":"","meta":{"_et_pb_use_builder":"on","_et_pb_old_content":"","_et_gb_content_width":"","footnotes":""},"class_list":["post-417","page","type-page","status-publish","hentry"],"_links":{"self":[{"href":"https:\/\/babboportocolom.com\/en\/wp-json\/wp\/v2\/pages\/417","targetHints":{"allow":["GET"]}}],"collection":[{"href":"https:\/\/babboportocolom.com\/en\/wp-json\/wp\/v2\/pages"}],"about":[{"href":"https:\/\/babboportocolom.com\/en\/wp-json\/wp\/v2\/types\/page"}],"author":[{"embeddable":true,"href":"https:\/\/babboportocolom.com\/en\/wp-json\/wp\/v2\/users\/2"}],"replies":[{"embeddable":true,"href":"https:\/\/babboportocolom.com\/en\/wp-json\/wp\/v2\/comments?post=417"}],"version-history":[{"count":3,"href":"https:\/\/babboportocolom.com\/en\/wp-json\/wp\/v2\/pages\/417\/revisions"}],"predecessor-version":[{"id":494,"href":"https:\/\/babboportocolom.com\/en\/wp-json\/wp\/v2\/pages\/417\/revisions\/494"}],"wp:attachment":[{"href":"https:\/\/babboportocolom.com\/en\/wp-json\/wp\/v2\/media?parent=417"}],"curies":[{"name":"wp","href":"https:\/\/api.w.org\/{rel}","templated":true}]}}