{"id":490,"date":"2024-09-17T13:44:28","date_gmt":"2024-09-17T11:44:28","guid":{"rendered":"https:\/\/babboportocolom.com\/producto\/babbo-gastrobar-t-shirt\/"},"modified":"2024-09-19T10:06:45","modified_gmt":"2024-09-19T08:06:45","slug":"babbo-gastrobar-t-shirt","status":"publish","type":"product","link":"https:\/\/babboportocolom.com\/de\/producto\/babbo-gastrobar-t-shirt\/","title":{"rendered":"Babbo Gastrobar-T-Shirt"},"content":{"rendered":"<p>[et_pb_section fb_built=&#8220;1&#8243; _builder_version=&#8220;4.16&#8243; custom_padding=&#8220;0px||||false|false&#8220; global_colors_info=&#8220;{}&#8220;][et_pb_row _builder_version=&#8220;4.16&#8243; background_size=&#8220;initial&#8220; background_position=&#8220;top_left&#8220; background_repeat=&#8220;repeat&#8220; width=&#8220;100%&#8220; custom_padding=&#8220;0px||0px||false|false&#8220; global_colors_info=&#8220;{}&#8220;][et_pb_column type=&#8220;4_4&#8243; _builder_version=&#8220;4.16&#8243; custom_padding=&#8220;|||&#8220; global_colors_info=&#8220;{}&#8220; custom_padding__hover=&#8220;|||&#8220;][et_pb_wc_breadcrumb _builder_version=&#8220;4.16&#8243; global_colors_info=&#8220;{}&#8220;][\/et_pb_wc_breadcrumb][et_pb_wc_cart_notice _builder_version=&#8220;4.16&#8243; global_colors_info=&#8220;{}&#8220;][\/et_pb_wc_cart_notice][\/et_pb_column][\/et_pb_row][et_pb_row column_structure=&#8220;1_2,1_2&#8243; _builder_version=&#8220;4.16&#8243; background_size=&#8220;initial&#8220; background_position=&#8220;top_left&#8220; background_repeat=&#8220;repeat&#8220; width=&#8220;100%&#8220; custom_padding=&#8220;0px||||false|false&#8220; global_colors_info=&#8220;{}&#8220;][et_pb_column type=&#8220;1_2&#8243; _builder_version=&#8220;4.16&#8243; custom_padding=&#8220;|||&#8220; global_colors_info=&#8220;{}&#8220; custom_padding__hover=&#8220;|||&#8220;][et_pb_wc_images _builder_version=&#8220;4.16&#8243; global_colors_info=&#8220;{}&#8220;][\/et_pb_wc_images][\/et_pb_column][et_pb_column type=&#8220;1_2&#8243; _builder_version=&#8220;4.16&#8243; custom_padding=&#8220;|||&#8220; global_colors_info=&#8220;{}&#8220; custom_padding__hover=&#8220;|||&#8220;][et_pb_wc_title _builder_version=&#8220;4.16&#8243; header_font=&#8220;Inria Sans|300||on|||||&#8220; header_text_color=&#8220;#2f1d13&#8243; header_font_size=&#8220;53px&#8220; header_letter_spacing=&#8220;-2px&#8220; global_colors_info=&#8220;{}&#8220;][\/et_pb_wc_title][et_pb_wc_rating _builder_version=&#8220;4.16&#8243; global_colors_info=&#8220;{}&#8220;][\/et_pb_wc_rating][et_pb_wc_price _builder_version=&#8220;4.16&#8243; global_colors_info=&#8220;{}&#8220;][\/et_pb_wc_price][et_pb_wc_description _builder_version=&#8220;4.16&#8243; body_font=&#8220;Inria Sans||||||||&#8220; body_font_size=&#8220;18px&#8220; body_line_height=&#8220;1.4em&#8220; global_colors_info=&#8220;{}&#8220;][\/et_pb_wc_description][et_pb_wc_add_to_cart _builder_version=&#8220;4.27.0&#8243; hover_enabled=&#8220;0&#8243; global_colors_info=&#8220;{}&#8220; custom_button=&#8220;on&#8220; button_text_size=&#8220;13px&#8220; button_text_color=&#8220;#FFFFFF&#8220; button_bg_color=&#8220;#dc7f2d&#8220; button_bg_color__hover=&#8220;#2f1d13&#8243; button_bg_color__hover_enabled=&#8220;on|desktop&#8220; button_border_color=&#8220;RGBA(255,255,255,0)&#8220; button_border_radius=&#8220;0px&#8220; button_letter_spacing=&#8220;1px&#8220; button_font=&#8220;Assistant|700||on|||||&#8220; button_use_icon=&#8220;off&#8220; button_custom_padding=&#8220;16px|49px|16px|49px|true|true&#8220; sticky_enabled=&#8220;0&#8243;][\/et_pb_wc_add_to_cart][et_pb_wc_meta _builder_version=&#8220;4.16&#8243; global_colors_info=&#8220;{}&#8220;][\/et_pb_wc_meta][\/et_pb_column][\/et_pb_row][et_pb_row _builder_version=&#8220;4.16&#8243; background_size=&#8220;initial&#8220; background_position=&#8220;top_left&#8220; background_repeat=&#8220;repeat&#8220; width=&#8220;100%&#8220; global_colors_info=&#8220;{}&#8220;][et_pb_column type=&#8220;4_4&#8243; _builder_version=&#8220;4.16&#8243; custom_padding=&#8220;|||&#8220; global_colors_info=&#8220;{}&#8220; custom_padding__hover=&#8220;|||&#8220;][et_pb_wc_upsells _builder_version=&#8220;4.16&#8243; global_colors_info=&#8220;{}&#8220;][\/et_pb_wc_upsells][et_pb_wc_related_products _builder_version=&#8220;4.27.0&#8243; title_font=&#8220;Inria Sans|300||on|||||&#8220; title_text_color=&#8220;#2f1d13&#8243; title_letter_spacing=&#8220;-2px&#8220; product_title_font=&#8220;Inria Sans|700||on|||||&#8220; product_title_text_color=&#8220;#2f1d13&#8243; product_title_font_size=&#8220;18px&#8220; price_font=&#8220;Inria Sans||||||||&#8220; price_text_color=&#8220;#2f1d13&#8243; price_font_size=&#8220;16px&#8220; hover_enabled=&#8220;0&#8243; global_colors_info=&#8220;{}&#8220; sticky_enabled=&#8220;0&#8243;][\/et_pb_wc_related_products][\/et_pb_column][\/et_pb_row][\/et_pb_section]<\/p>\n","protected":false},"excerpt":{"rendered":"<p>Erg\u00e4nzen Sie Ihre Garderobe mit unserem wei\u00dfen T-Shirt um ein unverzichtbares Basic. Es ist in den Gr\u00f6\u00dfen S, M und L erh\u00e4ltlich und eignet sich perfekt f\u00fcr jede Gelegenheit, ob f\u00fcr einen l\u00e4ssigen Look oder zum Kombinieren mit anderen Styles. Sein klassisches und bequemes Design macht es zu einem vielseitigen Alltagsbegleiter.<\/p>\n<p><strong>Eigenschaften:<\/strong><\/p>\n<ul>\n<li>Farben: Wei\u00df<\/li>\n<li>Verf\u00fcgbare Gr\u00f6\u00dfen: S, M, L<\/li>\n<\/ul>\n","protected":false},"featured_media":366,"comment_status":"open","ping_status":"closed","template":"","meta":{"_et_pb_use_builder":"on","_et_pb_old_content":"<p>Erg\u00e4nzen Sie Ihre Garderobe mit unserem wei\u00dfen T-Shirt um ein unverzichtbares Basic. Es ist in den Gr\u00f6\u00dfen S, M und L erh\u00e4ltlich und eignet sich perfekt f\u00fcr jede Gelegenheit, ob f\u00fcr einen l\u00e4ssigen Look oder zum Kombinieren mit anderen Styles. Sein klassisches und bequemes Design macht es zu einem vielseitigen Alltagsbegleiter.<\/p>\r\n<p><strong>Eigenschaften:<\/strong><\/p>\r\n<ul>\r\n<li>Farben: Wei\u00df<\/li>\r\n<li>Verf\u00fcgbare Gr\u00f6\u00dfen: S, M, L<\/li>\r\n<\/ul>","_et_gb_content_width":""},"product_brand":[],"product_cat":[32],"product_tag":[],"class_list":{"0":"post-490","1":"product","2":"type-product","3":"status-publish","4":"has-post-thumbnail","6":"product_cat-sin-categorizar-de","8":"first","9":"outofstock","10":"shipping-taxable","11":"purchasable","12":"product-type-simple"},"_links":{"self":[{"href":"https:\/\/babboportocolom.com\/de\/wp-json\/wp\/v2\/product\/490","targetHints":{"allow":["GET"]}}],"collection":[{"href":"https:\/\/babboportocolom.com\/de\/wp-json\/wp\/v2\/product"}],"about":[{"href":"https:\/\/babboportocolom.com\/de\/wp-json\/wp\/v2\/types\/product"}],"replies":[{"embeddable":true,"href":"https:\/\/babboportocolom.com\/de\/wp-json\/wp\/v2\/comments?post=490"}],"wp:featuredmedia":[{"embeddable":true,"href":"https:\/\/babboportocolom.com\/de\/wp-json\/wp\/v2\/media\/366"}],"wp:attachment":[{"href":"https:\/\/babboportocolom.com\/de\/wp-json\/wp\/v2\/media?parent=490"}],"wp:term":[{"taxonomy":"product_brand","embeddable":true,"href":"https:\/\/babboportocolom.com\/de\/wp-json\/wp\/v2\/product_brand?post=490"},{"taxonomy":"product_cat","embeddable":true,"href":"https:\/\/babboportocolom.com\/de\/wp-json\/wp\/v2\/product_cat?post=490"},{"taxonomy":"product_tag","embeddable":true,"href":"https:\/\/babboportocolom.com\/de\/wp-json\/wp\/v2\/product_tag?post=490"}],"curies":[{"name":"wp","href":"https:\/\/api.w.org\/{rel}","templated":true}]}}