{"id":503,"date":"2024-09-17T08:32:59","date_gmt":"2024-09-17T06:32:59","guid":{"rendered":"https:\/\/babboportocolom.com\/datenschutzbestimmungen\/"},"modified":"2024-09-19T10:22:11","modified_gmt":"2024-09-19T08:22:11","slug":"datenschutzbestimmungen","status":"publish","type":"page","link":"https:\/\/babboportocolom.com\/de\/datenschutzbestimmungen\/","title":{"rendered":"Datenschutzbestimmungen"},"content":{"rendered":"<p>[et_pb_section fb_built=&#8220;1&#8243; custom_padding_last_edited=&#8220;on|tablet&#8220; _builder_version=&#8220;4.27.0&#8243; _module_preset=&#8220;default&#8220; background_color=&#8220;#2f1d13&#8243; background_enable_image=&#8220;off&#8220; parallax=&#8220;on&#8220; custom_padding=&#8220;80px||80px||true|false&#8220; custom_padding_tablet=&#8220;160px||160px||true|false&#8220; custom_padding_phone=&#8220;120px||120px||true|false&#8220; locked=&#8220;off&#8220; global_colors_info=&#8220;{}&#8220;][et_pb_row _builder_version=&#8220;4.27.0&#8243; _module_preset=&#8220;default&#8220; global_colors_info=&#8220;{}&#8220;][et_pb_column type=&#8220;4_4&#8243; _builder_version=&#8220;4.27.0&#8243; _module_preset=&#8220;default&#8220; global_colors_info=&#8220;{}&#8220;][et_pb_text _builder_version=&#8220;4.27.0&#8243; _module_preset=&#8220;default&#8220; header_2_font=&#8220;Inria Sans|300||on|||||&#8220; header_2_text_align=&#8220;left&#8220; header_2_text_color=&#8220;#FFFFFF&#8220; header_2_font_size=&#8220;53px&#8220; header_2_line_height=&#8220;1.1em&#8220; max_width_tablet=&#8220;100%&#8220; max_width_phone=&#8220;100%&#8220; max_width_last_edited=&#8220;off|desktop&#8220; hover_enabled=&#8220;0&#8243; header_2_font_size_tablet=&#8220;55px&#8220; header_2_font_size_phone=&#8220;30px&#8220; header_2_font_size_last_edited=&#8220;on|phone&#8220; locked=&#8220;off&#8220; global_colors_info=&#8220;{}&#8220; sticky_enabled=&#8220;0&#8243;]<\/p>\n<h2 style=\"text-align: center;\">Datenschutzbestimmungen<\/h2>\n<p>[\/et_pb_text][et_pb_button button_url=&#8220;#Legales&#8220; button_text=&#8220;SIEHE RECHTLICHES&#8220; button_alignment=&#8220;center&#8220; _builder_version=&#8220;4.27.0&#8243; _module_preset=&#8220;default&#8220; custom_button=&#8220;on&#8220; button_text_size=&#8220;13px&#8220; button_text_color=&#8220;#f6f3ef&#8220; button_bg_color=&#8220;#dc7f2d&#8220; button_border_color=&#8220;RGBA(255,255,255,0)&#8220; button_border_radius=&#8220;0px&#8220; button_letter_spacing=&#8220;1px&#8220; button_font=&#8220;Assistant|700||on|||||&#8220; button_use_icon=&#8220;off&#8220; custom_margin=&#8220;0px||0px||false|false&#8220; custom_margin_tablet=&#8220;0px||80px||false|false&#8220; custom_margin_phone=&#8220;0px||55px||false|false&#8220; custom_margin_last_edited=&#8220;on|tablet&#8220; custom_padding=&#8220;18px|48px|18px|48px|true|false&#8220; custom_css_main_element=&#8220;animation-name: updown;||    animation-duration: 5s;||    animation-iteration-count: infinite;||    animation-timing-function: ease-in-out;||    margin-left: 0px;||    margin-top: 0px;||}||||@keyframes updown {||    from { transform: translate(0,  15px); }||    50%  { transform: translate(0, -15px); }||    to   { transform: translate(0, 15px); }    ||&#8220; locked=&#8220;off&#8220; global_colors_info=&#8220;{}&#8220; button_bg_color__hover_enabled=&#8220;on|desktop&#8220; button_bg_color__hover=&#8220;#3b271b&#8220; button_bg_enable_color__hover=&#8220;on&#8220; button_border_color__hover_enabled=&#8220;on|hover&#8220; button_border_color__hover=&#8220;#8d7356&#8243;][\/et_pb_button][\/et_pb_column][\/et_pb_row][\/et_pb_section][et_pb_section fb_built=&#8220;1&#8243; custom_padding_last_edited=&#8220;on|phone&#8220; module_id=&#8220;Legales&#8220; _builder_version=&#8220;4.27.0&#8243; _module_preset=&#8220;default&#8220; background_color=&#8220;#f6f3ef&#8220; background_enable_image=&#8220;off&#8220; parallax=&#8220;on&#8220; custom_padding_tablet=&#8220;0px||0px||true|false&#8220; custom_padding_phone=&#8220;0px||0px||true|false&#8220; locked=&#8220;off&#8220; global_colors_info=&#8220;{}&#8220;][et_pb_row _builder_version=&#8220;4.27.0&#8243; _module_preset=&#8220;default&#8220; global_colors_info=&#8220;{}&#8220;][et_pb_column type=&#8220;4_4&#8243; _builder_version=&#8220;4.27.0&#8243; _module_preset=&#8220;default&#8220; global_colors_info=&#8220;{}&#8220;][et_pb_text _builder_version=&#8220;4.27.0&#8243; _module_preset=&#8220;default&#8220; text_font=&#8220;Inria Sans||||||||&#8220; text_text_color=&#8220;#6b6e71&#8243; text_font_size=&#8220;18px&#8220; text_line_height=&#8220;1.4em&#8220; link_text_color=&#8220;#DC7F2D&#8220; header_3_font=&#8220;Inria Sans|||on|||||&#8220; header_3_text_color=&#8220;#2F1D13&#8243; global_colors_info=&#8220;{}&#8220;]<\/p>\n<h3><strong>Angaben zum Eigent\u00fcmer der Website:<\/strong><\/h3>\n<figure class=\"wp-block-table\">\n<table class=\"has-fixed-layout\">\n<tbody>\n<tr>\n<td>RAZ\u00d3N SOCIAL<\/td>\n<td>PORTO TEAM SLU<\/td>\n<\/tr>\n<tr>\n<td>NIF<\/td>\n<td>B57305427<\/td>\n<\/tr>\n<tr>\n<td>DIRECCI\u00d3N<br \/>POSTAL<\/td>\n<td>TONI COSTA 13 07660, CALA D\u2019OR (ILLES BALEARS)<\/td>\n<\/tr>\n<tr>\n<td>DIRECCI\u00d3N<br \/>ELECTR\u00d3NICA<\/td>\n<td>reservas@hostalportocolom.com<\/td>\n<\/tr>\n<tr>\n<td>TEL\u00c9FONOS<\/td>\n<td>971 825 323<\/td>\n<\/tr>\n<tr>\n<td>REGISTRO<br \/>MERCANTIL<\/td>\n<td>tomo \u2026\u2026\u2026\u2026\u2026.., folio \u2026\u2026\u2026\u2026\u2026.., hoja \u2026\u2026\u2026\u2026\u2026.. e inscripci\u00f3n \u2026\u2026\u2026\u2026\u2026..<\/td>\n<\/tr>\n<tr>\n<td>OBJETO<br \/>PRINCIPAL<\/td>\n<td>reserva de alojamientos y servicios vacacionales<\/td>\n<\/tr>\n<\/tbody>\n<\/table>\n<\/figure>\n<h3><strong>Datenschutz<\/strong><\/h3>\n<p>In \u00dcbereinstimmung mit der geltenden Gesetzgebung zum Schutz personenbezogener Daten informieren wir Sie dar\u00fcber, dass Ihre Daten in das Verarbeitungssystem von PORTO TEAM SLU mit der NIF B57305427 und Sitz in TONI COSTA 13 07660, CALA D&#8217;OR (ILLES BALEARS) aufgenommen werden und dass die jeweiligen Zwecke, Aufbewahrungsfristen und legitimen Grundlagen unten aufgef\u00fchrt sind. F\u00fcr die Behandlungen, die es erfordern, informieren wir Sie auch \u00fcber die m\u00f6gliche Ausarbeitung von Profilen und automatisierten Entscheidungen sowie \u00fcber die m\u00f6glichen Abtretungen und internationalen \u00dcbertragungen, die PORTO TEAM SLU durchzuf\u00fchren plant:<\/p>\n<h3><strong>DURCHGEF\u00dcHRTE BEHANDLUNGEN<\/strong><\/h3>\n<p><strong>Verwaltung der Website<\/strong><\/p>\n<ul>\n<li>Zweck: Verarbeitung und Verwaltung der Daten, die f\u00fcr die Funktionalit\u00e4t der Website erforderlich sind.<\/li>\n<li>Aufbewahrungsfrist: F\u00fcr die Dauer der erteilten Zustimmung.<\/li>\n<li>Rechtm\u00e4\u00dfige Grundlage: Die Zustimmung der betroffenen Person.<\/li>\n<li>Art der Daten: Lediglich identifizierende Daten.<\/li>\n<li>\u00dcbermittlungen: Nicht vorgesehen.<\/li>\n<li>Internationale \u00dcbermittlung: Nicht vorgesehen.<\/li>\n<li>Profiling: Nicht vorgesehen.<\/li>\n<\/ul>\n<p><strong>Web-Formular<\/strong><\/p>\n<ul>\n<li>Zweck: Zur Bearbeitung Ihrer Anfragen und\/oder Antr\u00e4ge.<\/li>\n<li>Aufbewahrungsfrist: Solange die erteilte Zustimmung aufrechterhalten wird.<\/li>\n<li>Rechtm\u00e4\u00dfige Grundlage: Die Zustimmung des Betroffenen.<\/li>\n<li>Art der Daten: Lediglich identifizierende Daten.<\/li>\n<li>\u00dcbermittlungen: Keine.<\/li>\n<li>Internationale \u00dcbermittlung: Nicht vorgesehen.<\/li>\n<li>Profiling: Nicht vorgesehen.<\/li>\n<\/ul>\n<p><strong>Verwaltung der Einhaltung von Vorschriften<\/strong><\/p>\n<ul>\n<li>Zweck: Verwaltung und Bearbeitung der Verpflichtungen und Aufgaben, die sich aus der Einhaltung der Vorschriften ergeben, denen das Unternehmen unterliegt.<\/li>\n<li>Aufbewahrungsfrist: Aufbewahrung der Kopien der Dokumente bis zum Ablauf der Verj\u00e4hrungsfrist f\u00fcr die Geltendmachung einer m\u00f6glichen Haftung.<\/li>\n<li>Rechtm\u00e4\u00dfige Grundlage: Einhaltung eines Gesetzes.<\/li>\n<li>Art der Daten: Lediglich identifizierende Daten.<\/li>\n<li>Weitergabe: Ihre Daten werden, falls erforderlich, an zust\u00e4ndige Stellen und\/oder \u00f6ffentliche Verwaltungen weitergeleitet, um die in den geltenden Vorschriften festgelegten Verpflichtungen zu erf\u00fcllen. Dar\u00fcber hinaus informieren wir Sie dar\u00fcber, dass die rechtm\u00e4\u00dfige Grundlage f\u00fcr die \u00dcbermittlung darin besteht, die in den geltenden Vorschriften festgelegten Verpflichtungen zu erf\u00fcllen.<\/li>\n<li>Internationale \u00dcbermittlung: Nicht vorgesehen.<\/li>\n<li>Profiling: Nicht vorgesehen.<\/li>\n<\/ul>\n<p><strong>Kommerzielle Aktionen<\/strong><\/p>\n<ul>\n<li>Zweck: Erhebung, Registrierung und Verarbeitung von Daten zum Zwecke der Werbung und der kommerziellen Anpreisung unserer Produkte und\/oder Dienstleistungen.<\/li>\n<li>Aufbewahrungsfrist: Solange die erteilte Zustimmung aufrechterhalten wird.<\/li>\n<li>Rechtm\u00e4\u00dfige Grundlage: Die Zustimmung der betroffenen Person.<\/li>\n<li>Art der Daten: Lediglich identifizierende Daten.<\/li>\n<li>\u00dcbermittlungen: Keine.<\/li>\n<li>Internationale \u00dcbermittlung: Nicht vorgesehen.<\/li>\n<li>Profiling: Nicht vorgesehen.<\/li>\n<\/ul>\n<p><strong>Verwaltung des Kaufs und\/oder der Auftragsvergabe von Dienstleistungen<\/strong><\/p>\n<ul>\n<li>Zweck: Erhebung, Registrierung und Verarbeitung von Daten zum Zwecke der<\/li>\n<li>Werbung und der kommerziellen Anpreisung unserer Produkte und\/oder Dienstleistungen.<\/li>\n<li>Aufbewahrungsfrist: Solange die erteilte Zustimmung aufrechterhalten wird.<\/li>\n<li>Rechtm\u00e4\u00dfige Grundlage: Die Zustimmung der betroffenen Person.<\/li>\n<li>Art der Daten: Lediglich identifizierende Daten.<\/li>\n<li>\u00dcbermittlungen: Keine.<\/li>\n<li>Internationale \u00dcbermittlung: Nicht vorgesehen.<\/li>\n<li>Profiling: Nicht vorgesehen.<\/li>\n<\/ul>\n<p><strong>Wirtschaftliche und administrative Verwaltung<\/strong><\/p>\n<ul>\n<li>Zweck: Verwaltungsmanagement, Rechnungsstellung, Buchhaltung und gesetzliche Verpflichtungen.<\/li>\n<li>Aufbewahrungsfrist: 5 Jahre in \u00dcbereinstimmung mit dem Steuerrecht und 10 Jahre f\u00fcr die Steuerdokumentation in \u00dcbereinstimmung mit dem L.O.7\/2012.<\/li>\n<li>Rechtm\u00e4\u00dfige Grundlage: Die Zustimmung der betroffenen Person.<\/li>\n<li>Art der Daten: Lediglich identifizierende Daten.<\/li>\n<li>\u00dcbermittlung: Ihre Daten werden, falls erforderlich, an die Steuerbeh\u00f6rde, Banken, Sparkassen und Agenturen und\/oder \u00f6ffentliche Verwaltungen mit entsprechender Zust\u00e4ndigkeit weitergeleitet, um die in den geltenden Vorschriften festgelegten steuerlichen und fiskalischen Verpflichtungen zu erf\u00fcllen. Dar\u00fcber hinaus teilen wir Ihnen mit, dass die rechtm\u00e4\u00dfige Grundlage f\u00fcr die \u00dcbermittlung darin besteht, die in den geltenden Vorschriften festgelegten Verpflichtungen zu erf\u00fcllen.<\/li>\n<li>Internationale \u00dcbermittlung: Nicht vorgesehen.<\/li>\n<li>Profiling: Nicht vorgesehen.<\/li>\n<\/ul>\n<p><strong>Verwaltung von Buchungen<\/strong><\/p>\n<ul>\n<li>Zweck: Registrierung und Verwaltung von Buchungen.<\/li>\n<li>Aufbewahrungsfrist: 3 Jahre, in \u00dcbereinstimmung mit der Verordnung INT\/1922\/2003 vom 3. Juli \u00fcber Registerb\u00fccher und Eintragungsformulare f\u00fcr Reisende in Hotel- und Gastst\u00e4ttenbetrieben und anderen \u00e4hnlichen Einrichtungen.<\/li>\n<li>Rechtm\u00e4\u00dfige Grundlage: Die Zustimmung der betroffenen Person.<\/li>\n<li>Art der Daten: Lediglich identifizierende Daten.<\/li>\n<li>\u00dcbermittlung: Ihre Daten werden gegebenenfalls an das Finanzamt, die Banken und Sparkassen, die Sicherheitskr\u00e4fte und die zust\u00e4ndigen Beh\u00f6rden weitergeleitet, um die in den geltenden Vorschriften festgelegten Verwaltungs- und Sicherheitspflichten zu erf\u00fcllen. Dar\u00fcber hinaus informieren wir Sie dar\u00fcber, dass die rechtm\u00e4\u00dfige Grundlage f\u00fcr die \u00dcbermittlung darin besteht, den in den geltenden Vorschriften festgelegten Verpflichtungen nachzukommen.<\/li>\n<li>Internationale \u00dcbermittlung: Nicht vorgesehen.<\/li>\n<li>Profiling: Nicht vorgesehen.<\/li>\n<\/ul>\n<h3><strong>Rechte der betroffenen Personen<\/strong><\/h3>\n<p>PORTO TEAM SLU informiert die Nutzer dar\u00fcber, dass sie ihre Rechte auf Zugang, Berichtigung, Einschr\u00e4nkung, L\u00f6schung, \u00dcbertragbarkeit und Widerspruch gegen die Verarbeitung ihrer personenbezogenen Daten gegen\u00fcber dem f\u00fcr die Datenverarbeitung Verantwortlichen aus\u00fcben sowie die erteilte Einwilligung widerrufen k\u00f6nnen.<\/p>\n<ul>\n<li>Auskunftsrecht: Es handelt sich um das Recht des Nutzers, Informationen \u00fcber seine spezifischen personenbezogenen Daten und die durchgef\u00fchrte oder laufende Verarbeitung zu erhalten, sowie die verf\u00fcgbaren Informationen \u00fcber die Herkunft dieser Daten und die f\u00fcr diese Daten durchgef\u00fchrten oder geplanten Mitteilungen.<\/li>\n<li>Recht auf Berichtigung: Dies ist das Recht der betroffenen Person, Daten, die sich als unrichtig oder unvollst\u00e4ndig erweisen, berichtigen zu lassen. Es kann nur in Bezug auf Informationen erf\u00fcllt werden, die unter der Kontrolle von PORTO TEAM SLU stehen, z. B. das L\u00f6schen von Kommentaren auf der Seite selbst, von Bildern oder Webinhalten, die pers\u00f6nliche Daten des Nutzers enthalten.<\/li>\n<li>Recht auf Einschr\u00e4nkung der Verarbeitung: Dies ist das Recht auf Einschr\u00e4nkung der urspr\u00fcnglich vom Inhaber der Datenverarbeitung vorgesehenen Zwecke der Verarbeitung.<br \/>Recht auf L\u00f6schung: Es handelt sich um das Recht, die personenbezogenen Daten des Nutzers zu l\u00f6schen, es sei denn, dies ist in der DSGVO selbst oder in anderen anwendbaren Vorschriften vorgesehen, die die Aufbewahrung der<\/li>\n<li>Daten in Zeit und Form zwingend vorschreiben.<\/li>\n<li>Recht auf \u00dcbertragbarkeit: Das Recht, die vom Nutzer bereitgestellten personenbezogenen Daten in einem strukturierten, g\u00e4ngigen und maschinenlesbaren Format zu erhalten und sie an einen anderen f\u00fcr die Datenverarbeitung Verantwortlichen zu \u00fcbermitteln.<\/li>\n<li>Widerspruchsrecht: Dies ist das Recht des Nutzers, die Verarbeitung seiner personenbezogenen Daten zu verweigern oder PORTO TEAM SLU an der Verarbeitung zu hindern.<\/li>\n<\/ul>\n<p>Um eines der oben beschriebenen Rechte aus\u00fcben zu k\u00f6nnen, m\u00fcssen Sie die folgenden Voraussetzungen erf\u00fcllen<br \/>Voraussetzungen:<\/p>\n<ul class=\"wp-block-list\">\n<li>Indem Sie einen Brief an die Adresse TONI COSTA 13 07660, CALA D&#8217;OR (ILLES BALEARS) (zu H\u00e4nden von PORTO TEAM SLU) oder eine E-Mail an<br \/><a href=\"mailto:reservas@hostalportocolom.com\">reservas@hostalportocolom.com<\/a><br \/>Das Schreiben des Inhabers der Daten, mit dem er die Aus\u00fcbung des Rechts auf Daten\u00fcbertragbarkeit beantragt, muss die folgenden gesetzlichen Anforderungen erf\u00fcllen: o Name, Nachname(n) des Betroffenen und eine Kopie der DNI\/NIE oder eines anderen Identifikationsdokuments.<\/li>\n<li>In den Ausnahmef\u00e4llen, in denen eine Vertretung zul\u00e4ssig ist, ist auch die Identifizierung der Person, die die betroffene Person vertritt, mit denselben Mitteln erforderlich, ebenso wie das Dokument, das die Vertretung beglaubigt. Die Fotokopie der DNI kann ersetzt werden, sofern die Identit\u00e4t durch ein anderes rechtsg\u00fcltiges Mittel nachgewiesen wird.<\/li>\n<\/ul>\n<p>&nbsp;<\/p>\n<p>Beratung und Anpassung an die lssi-ce &#8211; Dokumentation o Antrag, in dem die Anfrage spezifiziert wird. (\u00dcbung, in der die Informationen, zu denen Sie Zugang haben m\u00f6chten, angefordert werden). Wenn Sie sich nicht auf eine bestimmte Akte beziehen, erhalten Sie alle Informationen, die wir \u00fcber Ihre personenbezogenen Daten haben. Wenn Sie Informationen \u00fcber eine bestimmte Akte beantragen, erhalten Sie nur die Informationen \u00fcber diese Akte. Wenn Sie Informationen \u00fcber einen Dritten anfordern, werden diese niemals erteilt. Wenn Sie eine telefonische Anfrage stellen, werden Sie angewiesen, dies schriftlich zu tun, und Sie werden dar\u00fcber informiert, wie Sie dies tun k\u00f6nnen und an welche Adresse Sie es schicken sollen. Telefonische Ausk\u00fcnfte werden Ihnen niemals erteilt.<br \/>o Anschrift f\u00fcr die Zustellung der Bescheide.<br \/>o Datum und Unterschrift des Antragstellers.<br \/>o Dokumente, die den gestellten Antrag belegen.<br \/>o Der Antragsteller muss sich eines Mittels bedienen, das die \u00dcbermittlung und den Empfang des Antrags best\u00e4tigt.<\/p>\n<p>Schlie\u00dflich weisen wir Sie darauf hin, dass Sie das Recht haben, eine Beschwerde bei der spanischen Datenschutzbeh\u00f6rde einzureichen, wenn Sie von einem Sachverhalt Kenntnis erlangen oder der Meinung sind, dass dieser einen Versto\u00df gegen die geltenden Datenschutzbestimmungen darstellen k\u00f6nnte.<\/p>\n<p>PORTO TEAM SLU verpflichtet sich, die notwendigen technischen und organisatorischen Ma\u00dfnahmen zu ergreifen, um die Integrit\u00e4t, Vertraulichkeit und Verf\u00fcgbarkeit der Daten zu gew\u00e4hrleisten, je nach dem Risiko, das mit der von ihnen durchgef\u00fchrten Verarbeitung verbunden ist und das im Abschnitt \u00fcber die Nutzungsbedingungen angegeben ist.<\/p>\n<p>[\/et_pb_text][\/et_pb_column][\/et_pb_row][\/et_pb_section]<\/p>\n","protected":false},"excerpt":{"rendered":"<p>DatenschutzbestimmungenAngaben zum Eigent\u00fcmer der Website: RAZ\u00d3N SOCIAL PORTO TEAM SLU NIF B57305427 DIRECCI\u00d3NPOSTAL TONI COSTA 13 07660, CALA D\u2019OR (ILLES BALEARS) DIRECCI\u00d3NELECTR\u00d3NICA reservas@hostalportocolom.com TEL\u00c9FONOS 971 825 323 REGISTROMERCANTIL tomo \u2026\u2026\u2026\u2026\u2026.., folio \u2026\u2026\u2026\u2026\u2026.., hoja \u2026\u2026\u2026\u2026\u2026.. e inscripci\u00f3n \u2026\u2026\u2026\u2026\u2026.. OBJETOPRINCIPAL reserva de alojamientos y servicios vacacionales Datenschutz In \u00dcbereinstimmung mit der geltenden Gesetzgebung zum Schutz personenbezogener Daten [&hellip;]<\/p>\n","protected":false},"author":2,"featured_media":0,"parent":0,"menu_order":0,"comment_status":"closed","ping_status":"closed","template":"","meta":{"_et_pb_use_builder":"on","_et_pb_old_content":"","_et_gb_content_width":"","footnotes":""},"class_list":["post-503","page","type-page","status-publish","hentry"],"_links":{"self":[{"href":"https:\/\/babboportocolom.com\/de\/wp-json\/wp\/v2\/pages\/503","targetHints":{"allow":["GET"]}}],"collection":[{"href":"https:\/\/babboportocolom.com\/de\/wp-json\/wp\/v2\/pages"}],"about":[{"href":"https:\/\/babboportocolom.com\/de\/wp-json\/wp\/v2\/types\/page"}],"author":[{"embeddable":true,"href":"https:\/\/babboportocolom.com\/de\/wp-json\/wp\/v2\/users\/2"}],"replies":[{"embeddable":true,"href":"https:\/\/babboportocolom.com\/de\/wp-json\/wp\/v2\/comments?post=503"}],"version-history":[{"count":3,"href":"https:\/\/babboportocolom.com\/de\/wp-json\/wp\/v2\/pages\/503\/revisions"}],"predecessor-version":[{"id":506,"href":"https:\/\/babboportocolom.com\/de\/wp-json\/wp\/v2\/pages\/503\/revisions\/506"}],"wp:attachment":[{"href":"https:\/\/babboportocolom.com\/de\/wp-json\/wp\/v2\/media?parent=503"}],"curies":[{"name":"wp","href":"https:\/\/api.w.org\/{rel}","templated":true}]}}