{"id":414,"date":"2024-09-17T08:33:21","date_gmt":"2024-09-17T06:33:21","guid":{"rendered":"https:\/\/babboportocolom.com\/cookie-richtlinie\/"},"modified":"2024-09-19T10:14:13","modified_gmt":"2024-09-19T08:14:13","slug":"cookie-richtlinie","status":"publish","type":"page","link":"https:\/\/babboportocolom.com\/de\/cookie-richtlinie\/","title":{"rendered":"Cookie-Richtlinie"},"content":{"rendered":"<p>[et_pb_section fb_built=&#8220;1&#8243; custom_padding_last_edited=&#8220;on|tablet&#8220; _builder_version=&#8220;4.27.0&#8243; _module_preset=&#8220;default&#8220; background_color=&#8220;#2f1d13&#8243; background_enable_image=&#8220;off&#8220; parallax=&#8220;on&#8220; custom_padding=&#8220;80px||80px||true|false&#8220; custom_padding_tablet=&#8220;160px||160px||true|false&#8220; custom_padding_phone=&#8220;120px||120px||true|false&#8220; locked=&#8220;off&#8220; global_colors_info=&#8220;{}&#8220;][et_pb_row _builder_version=&#8220;4.27.0&#8243; _module_preset=&#8220;default&#8220; global_colors_info=&#8220;{}&#8220;][et_pb_column type=&#8220;4_4&#8243; _builder_version=&#8220;4.27.0&#8243; _module_preset=&#8220;default&#8220; global_colors_info=&#8220;{}&#8220;][et_pb_text _builder_version=&#8220;4.27.0&#8243; _module_preset=&#8220;default&#8220; header_2_font=&#8220;Inria Sans|300||on|||||&#8220; header_2_text_align=&#8220;left&#8220; header_2_text_color=&#8220;#FFFFFF&#8220; header_2_font_size=&#8220;53px&#8220; header_2_line_height=&#8220;1.1em&#8220; max_width_tablet=&#8220;100%&#8220; max_width_phone=&#8220;100%&#8220; max_width_last_edited=&#8220;off|desktop&#8220; hover_enabled=&#8220;0&#8243; header_2_font_size_tablet=&#8220;55px&#8220; header_2_font_size_phone=&#8220;30px&#8220; header_2_font_size_last_edited=&#8220;on|phone&#8220; locked=&#8220;off&#8220; global_colors_info=&#8220;{}&#8220; sticky_enabled=&#8220;0&#8243;]<\/p>\n<h2 style=\"text-align: center;\">Cookie-Richtlinie<\/h2>\n<p>[\/et_pb_text][et_pb_button button_url=&#8220;#Legales&#8220; button_text=&#8220;SIEHE RECHTLICHES&#8220; button_alignment=&#8220;center&#8220; _builder_version=&#8220;4.27.0&#8243; _module_preset=&#8220;default&#8220; custom_button=&#8220;on&#8220; button_text_size=&#8220;13px&#8220; button_text_color=&#8220;#f6f3ef&#8220; button_bg_color=&#8220;#dc7f2d&#8220; button_border_color=&#8220;RGBA(255,255,255,0)&#8220; button_border_radius=&#8220;0px&#8220; button_letter_spacing=&#8220;1px&#8220; button_font=&#8220;Assistant|700||on|||||&#8220; button_use_icon=&#8220;off&#8220; custom_margin=&#8220;0px||0px||false|false&#8220; custom_margin_tablet=&#8220;0px||80px||false|false&#8220; custom_margin_phone=&#8220;0px||55px||false|false&#8220; custom_margin_last_edited=&#8220;on|tablet&#8220; custom_padding=&#8220;18px|48px|18px|48px|true|false&#8220; custom_css_main_element=&#8220;animation-name: updown;||    animation-duration: 5s;||    animation-iteration-count: infinite;||    animation-timing-function: ease-in-out;||    margin-left: 0px;||    margin-top: 0px;||}||||@keyframes updown {||    from { transform: translate(0,  15px); }||    50%  { transform: translate(0, -15px); }||    to   { transform: translate(0, 15px); }    ||&#8220; locked=&#8220;off&#8220; global_colors_info=&#8220;{}&#8220; button_bg_color__hover_enabled=&#8220;on|desktop&#8220; button_bg_color__hover=&#8220;#3b271b&#8220; button_bg_enable_color__hover=&#8220;on&#8220; button_border_color__hover_enabled=&#8220;on|hover&#8220; button_border_color__hover=&#8220;#8d7356&#8243;][\/et_pb_button][\/et_pb_column][\/et_pb_row][\/et_pb_section][et_pb_section fb_built=&#8220;1&#8243; custom_padding_last_edited=&#8220;on|phone&#8220; module_id=&#8220;Legales&#8220; _builder_version=&#8220;4.27.0&#8243; _module_preset=&#8220;default&#8220; background_color=&#8220;#f6f3ef&#8220; background_enable_image=&#8220;off&#8220; parallax=&#8220;on&#8220; custom_padding_tablet=&#8220;0px||0px||true|false&#8220; custom_padding_phone=&#8220;0px||0px||true|false&#8220; locked=&#8220;off&#8220; global_colors_info=&#8220;{}&#8220;][et_pb_row _builder_version=&#8220;4.27.0&#8243; _module_preset=&#8220;default&#8220; global_colors_info=&#8220;{}&#8220;][et_pb_column type=&#8220;4_4&#8243; _builder_version=&#8220;4.27.0&#8243; _module_preset=&#8220;default&#8220; global_colors_info=&#8220;{}&#8220;][et_pb_text _builder_version=&#8220;4.27.0&#8243; _module_preset=&#8220;default&#8220; text_font=&#8220;Inria Sans||||||||&#8220; text_font_size=&#8220;18px&#8220; link_font=&#8220;Inria Sans||||||||&#8220; link_text_color=&#8220;#dc7f2d&#8220; header_3_font=&#8220;Inria Sans|700|||||||&#8220; global_colors_info=&#8220;{}&#8220;]<\/p>\n<div id=\"main-content\">\n<div id=\"content-area\">\n<div id=\"left-area\">\n<article id=\"post-3\">\n<div id=\"main-content\">\n<div id=\"content-area\">\n<div id=\"left-area\">\n<article id=\"post-6316\">\n<p>Gem\u00e4\u00df den Bestimmungen von Artikel 22.2 des Gesetzes 34\/2002 vom 11. Juli \u00fcber Dienste der Informationsgesellschaft und elektronischen Handel (LSSI-CE) muss PORTO TEAM SLU der Verpflichtung nachkommen, die von ihm verwendeten Cookies und deren Zwecke zu melden .<\/p>\n<p>Diese Website verwendet Cookies und\/oder \u00e4hnliche Technologien, die beim Surfen Informationen speichern und abrufen. Ein Cookie ist eine Datei, die auf Ihren Computer heruntergeladen wird, wenn Sie auf bestimmte Webseiten zugreifen. Cookies erm\u00f6glichen es einer Website unter anderem, Informationen \u00fcber die Surfgewohnheiten eines Benutzers oder seiner Ger\u00e4te zu speichern und abzurufen. Abh\u00e4ngig von den darin enthaltenen Informationen und der Art und Weise, wie er seine Ger\u00e4te verwendet, k\u00f6nnen sie dazu verwendet werden, den Benutzer wiederzuerkennen.<\/p>\n<p>Cookies sind f\u00fcr das Funktionieren des Internets unerl\u00e4sslich und bieten unz\u00e4hlige Vorteile bei der Bereitstellung interaktiver Dienste. Sie erleichtern dem Benutzer die Navigation und die Benutzerfreundlichkeit unserer Website. Der Benutzer kann die personalisierte Konfiguration HIER \u00e4ndern.<\/p>\n<p>Die folgenden Informationen helfen Ihnen, die verschiedenen Arten von Cookies zu verstehen:<\/p>\n<p>ARTEN VON COOKIES<\/p>\n<p>NACH DEM UNTERNEHMEN, DAS SIE VERWALTET<\/p>\n<p>EIGENE COOKIES<\/p>\n<p>Hierbei handelt es sich um solche, die von einem Computer oder einer Dom\u00e4ne, die vom Herausgeber selbst verwaltet wird und von dem aus der vom Benutzer angeforderte Dienst bereitgestellt wird, an das Endger\u00e4t des Benutzers gesendet werden.<\/p>\n<p>COOKIES VON DRITTANBIETERN<\/p>\n<p>Hierbei handelt es sich um solche, die von einem Computer oder einer Dom\u00e4ne an das Endger\u00e4t des Benutzers gesendet werden, die nicht vom Herausgeber verwaltet wird, sondern von einer anderen Stelle, die die durch Cookies erhaltenen Daten verarbeitet.<\/p>\n<p>JE NACH ZEITRAUM BLEIBEN SIE AKTIVIERT<\/p>\n<p>SITZUNGSCOOKIES<\/p>\n<p>Sie dienen dazu, Daten zu sammeln und zu speichern, w\u00e4hrend der Benutzer auf eine Webseite zugreift. Sie werden in der Regel zum Speichern von Informationen verwendet, deren Aufbewahrung nur f\u00fcr die Erbringung der vom Benutzer einmalig angeforderten Dienstleistung von Interesse ist (z. B. eine Liste der gekauften Produkte) und verschwinden, wenn die Sitzung endet.<\/p>\n<p>DAUERHAFTE COOKIES<\/p>\n<p>Hierbei handelt es sich um solche, bei denen die Daten weiterhin im Endger\u00e4t gespeichert sind und w\u00e4hrend eines vom Cookie-Verantwortlichen festgelegten Zeitraums, der von einigen Minuten bis zu mehreren Jahren reichen kann, abgerufen und verarbeitet werden k\u00f6nnen.<\/p>\n<p>NACH SEINEM ZWECK<\/p>\n<p>TECHNISCHE COOKIES<\/p>\n<p>Dabei handelt es sich um solche, die es dem Benutzer erm\u00f6glichen, durch eine Webseite, Plattform oder Anwendung zu navigieren und die verschiedenen darin vorhandenen Optionen oder Dienste zu nutzen.<\/p>\n<p>PERSONALISIERUNGS-COOKIES<\/p>\n<p>Sie erm\u00f6glichen es Ihnen, Ihre eigenen Merkmale f\u00fcr die Navigation des Benutzers durch die Website anzuwenden (z. B. Sprache).<\/p>\n<p>ANALYSE-COOKIES<\/p>\n<p>Dabei handelt es sich um solche, die es dem Verantwortlichen erm\u00f6glichen, das Verhalten der Nutzer der Websites, mit denen sie verlinkt sind, zu \u00fcberwachen und zu analysieren, einschlie\u00dflich der Quantifizierung der Auswirkungen der Werbung. Die durch diese Art von Cookies gesammelten Informationen werden verwendet, um die Aktivit\u00e4t der Websites, Anwendungen oder Plattformen zu messen, um auf der Grundlage der Analyse der Nutzungsdaten der Nutzer des Dienstes Verbesserungen einzuf\u00fchren.<\/p>\n<p>WERBE-COOKIES<\/p>\n<p>Sie erm\u00f6glichen es dem Herausgeber, je nach Inhalt der Website Werbefl\u00e4chen auf der Website einzubinden.<\/p>\n<p>VERHALTENSWERBENDE COOKIES<\/p>\n<p>Hierbei handelt es sich um solche, die Informationen \u00fcber das Nutzerverhalten speichern, die durch kontinuierliche Beobachtung ihrer Surfgewohnheiten gewonnen werden, was die Entwicklung eines spezifischen Profils erm\u00f6glicht, um darauf basierende Werbung anzuzeigen.<\/p>\n<p>Dar\u00fcber hinaus informiert PORTO TEAM SLU ausf\u00fchrlicher \u00fcber die von ihren Eigent\u00fcmern verwendeten Cookies, die spezifische Verwendung oder den spezifischen Zweck, die Aufbewahrungsfristen sowie die internationalen Daten\u00fcbertragungen aller auf unserer Website verwendeten Cookies:<\/p>\n<p>Bitte beachten Sie, dass Sie, wenn Sie Cookies von Drittanbietern akzeptieren, diese aus den Browseroptionen oder aus dem vom Drittanbieter selbst angebotenen System l\u00f6schen m\u00fcssen.<\/p>\n<p>Nachfolgend stellen wir Links zu verschiedenen Browsern bereit, \u00fcber die Sie Ihre Browsereinstellungen hinsichtlich der Verwendung von Cookies \u00e4ndern k\u00f6nnen:<\/p>\n<p>\u25aa Firefox von hier: http:\/\/support.mozilla.org\/es\/kb\/habilitar-y-deshabilitar-cookies-que-los-sitios-we<br \/>\u25aa Chrome von hier: http:\/\/support.google.com\/chrome\/bin\/answer.py?hl=es&amp;answer=95647<br \/>\u25aa Explorer von hier: http:\/\/windows.microsoft.com\/es\/internet-explorer\/delete-manage-cookies#ie=ie-10<br \/>\u25aa Safari von hier aus: https:\/\/support.apple.com\/kb\/ph17191?locale=es_ES<br \/>\u25aa Von hier aus arbeiten: https:\/\/help.opera.com\/en\/latest\/web-preferences\/#cookies<\/p>\n<p>Um weitere Informationen \u00fcber die Verarbeitung personenbezogener Daten zu erhalten, empfehlen wir Ihnen, unseren Abschnitt \u201eDatenschutzerkl\u00e4rung\u201c zu besuchen.<\/p>\n<\/article>\n<\/div>\n<\/div>\n<\/div>\n<\/article>\n<\/div>\n<\/div>\n<\/div>\n<p>[\/et_pb_text][\/et_pb_column][\/et_pb_row][\/et_pb_section]<\/p>\n","protected":false},"excerpt":{"rendered":"<p>Cookie-Richtlinie Gem\u00e4\u00df den Bestimmungen von Artikel 22.2 des Gesetzes 34\/2002 vom 11. Juli \u00fcber Dienste der Informationsgesellschaft und elektronischen Handel (LSSI-CE) muss PORTO TEAM SLU der Verpflichtung nachkommen, die von ihm verwendeten Cookies und deren Zwecke zu melden . Diese Website verwendet Cookies und\/oder \u00e4hnliche Technologien, die beim Surfen Informationen speichern und abrufen. Ein Cookie [&hellip;]<\/p>\n","protected":false},"author":2,"featured_media":0,"parent":0,"menu_order":0,"comment_status":"closed","ping_status":"closed","template":"","meta":{"_et_pb_use_builder":"on","_et_pb_old_content":"","_et_gb_content_width":"","footnotes":""},"class_list":["post-414","page","type-page","status-publish","hentry"],"_links":{"self":[{"href":"https:\/\/babboportocolom.com\/de\/wp-json\/wp\/v2\/pages\/414","targetHints":{"allow":["GET"]}}],"collection":[{"href":"https:\/\/babboportocolom.com\/de\/wp-json\/wp\/v2\/pages"}],"about":[{"href":"https:\/\/babboportocolom.com\/de\/wp-json\/wp\/v2\/types\/page"}],"author":[{"embeddable":true,"href":"https:\/\/babboportocolom.com\/de\/wp-json\/wp\/v2\/users\/2"}],"replies":[{"embeddable":true,"href":"https:\/\/babboportocolom.com\/de\/wp-json\/wp\/v2\/comments?post=414"}],"version-history":[{"count":3,"href":"https:\/\/babboportocolom.com\/de\/wp-json\/wp\/v2\/pages\/414\/revisions"}],"predecessor-version":[{"id":499,"href":"https:\/\/babboportocolom.com\/de\/wp-json\/wp\/v2\/pages\/414\/revisions\/499"}],"wp:attachment":[{"href":"https:\/\/babboportocolom.com\/de\/wp-json\/wp\/v2\/media?parent=414"}],"curies":[{"name":"wp","href":"https:\/\/api.w.org\/{rel}","templated":true}]}}