{"id":401,"date":"2024-09-17T08:32:24","date_gmt":"2024-09-17T06:32:24","guid":{"rendered":"https:\/\/babboportocolom.com\/danke\/"},"modified":"2024-09-17T15:04:47","modified_gmt":"2024-09-17T13:04:47","slug":"danke","status":"publish","type":"page","link":"https:\/\/babboportocolom.com\/de\/danke\/","title":{"rendered":"Danke"},"content":{"rendered":"<p>[et_pb_section fb_built=&#8220;1&#8243; custom_padding_last_edited=&#8220;on|tablet&#8220; _builder_version=&#8220;4.20.4&#8243; _module_preset=&#8220;default&#8220; background_color=&#8220;#FFFFFF&#8220; custom_margin=&#8220;0px||0px||false|false&#8220; custom_padding=&#8220;120px||120px||true|false&#8220; custom_padding_tablet=&#8220;120px||100px||false|false&#8220; custom_padding_phone=&#8220;90px||90px||false|false&#8220; locked=&#8220;off&#8220; global_colors_info=&#8220;{}&#8220;][et_pb_row _builder_version=&#8220;4.21.0&#8243; _module_preset=&#8220;default&#8220; background_image=&#8220;https:\/\/babboportocolom.com\/wp-content\/uploads\/2024\/09\/restaurant-22-a-ks-7.png&#8220; background_size=&#8220;initial&#8220; background_position=&#8220;top_center&#8220; width=&#8220;90%&#8220; max_width=&#8220;1290px&#8220; custom_margin=&#8220;0px||0px||false|false&#8220; custom_padding=&#8220;100px||0px||false|false&#8220; animation_style=&#8220;fade&#8220; animation_duration=&#8220;700ms&#8220; animation_delay=&#8220;500ms&#8220; animation_speed_curve=&#8220;ease&#8220; global_colors_info=&#8220;{}&#8220;][et_pb_column type=&#8220;4_4&#8243; _builder_version=&#8220;4.21.0&#8243; _module_preset=&#8220;default&#8220; global_colors_info=&#8220;{}&#8220;][et_pb_text _builder_version=&#8220;4.20.4&#8243; _module_preset=&#8220;default&#8220; header_3_font=&#8220;Inria Sans|700|||||||&#8220; header_3_text_align=&#8220;center&#8220; header_3_text_color=&#8220;#dc7f2d&#8220; header_3_font_size=&#8220;15px&#8220; header_3_letter_spacing=&#8220;0.13em&#8220; custom_margin=&#8220;0px||14px||false|false&#8220; custom_padding=&#8220;0px||0px||false|false&#8220; global_colors_info=&#8220;{}&#8220;]<\/p>\n<h3>DANKE<\/h3>\n<p>[\/et_pb_text][et_pb_text _builder_version=&#8220;4.27.0&#8243; _module_preset=&#8220;default&#8220; header_2_font=&#8220;Inria Sans|300||on|||||&#8220; header_2_text_align=&#8220;center&#8220; header_2_text_color=&#8220;#2f1d13&#8243; header_2_font_size=&#8220;43px&#8220; header_2_line_height=&#8220;1.1em&#8220; max_width=&#8220;720px&#8220; max_width_tablet=&#8220;100%&#8220; max_width_last_edited=&#8220;off|desktop&#8220; module_alignment=&#8220;center&#8220; custom_margin=&#8220;0px||31px||false|false&#8220; custom_padding=&#8220;0px||0px||false|false&#8220; hover_enabled=&#8220;0&#8243; header_2_font_size_tablet=&#8220;43px&#8220; header_2_font_size_phone=&#8220;26px&#8220; header_2_font_size_last_edited=&#8220;on|tablet&#8220; global_colors_info=&#8220;{}&#8220; header_2_letter_spacing=&#8220;-2px&#8220; sticky_enabled=&#8220;0&#8243;]<\/p>\n<h2>Vielen Dank f\u00fcr die Kontaktaufnahme<br \/>mit dem BABBO-Team<\/h2>\n<p>[\/et_pb_text][et_pb_text _builder_version=&#8220;4.20.4&#8243; _module_preset=&#8220;default&#8220; text_font=&#8220;Inria Sans||||||||&#8220; text_text_color=&#8220;#6b6e71&#8243; text_font_size=&#8220;18px&#8220; text_line_height=&#8220;1.6em&#8220; header_3_font=&#8220;Inria Sans||||||||&#8220; header_3_text_color=&#8220;#dc7f2d&#8220; header_3_line_height=&#8220;1.2em&#8220; max_width=&#8220;520px&#8220; module_alignment=&#8220;center&#8220; custom_margin=&#8220;0px||42px||false|false&#8220; custom_padding=&#8220;0px||0px||false|false&#8220; global_colors_info=&#8220;{}&#8220;]<\/p>\n<h3 style=\"text-align: center;\">Wir haben Ihre Nachricht erhalten und werden uns schnellstm\u00f6glich mit Ihnen in Verbindung setzen.<\/h3>\n<p>[\/et_pb_text][et_pb_text _builder_version=&#8220;4.20.4&#8243; _module_preset=&#8220;default&#8220; text_font=&#8220;Inria Sans||||||||&#8220; text_text_color=&#8220;#6b6e71&#8243; text_font_size=&#8220;18px&#8220; text_line_height=&#8220;1.6em&#8220; max_width=&#8220;420px&#8220; module_alignment=&#8220;center&#8220; custom_margin=&#8220;0px||42px||false|false&#8220; custom_padding=&#8220;0px||0px||false|false&#8220; global_colors_info=&#8220;{}&#8220;]<\/p>\n<p style=\"text-align: center;\">Wir freuen uns \u00fcber Ihr Interesse an unseren Dienstleistungen und freuen uns, Sie bei Ihrem Beratungsbedarf unterst\u00fctzen zu d\u00fcrfen. Wenn Sie weitere Fragen haben oder weitere Informationen ben\u00f6tigen, k\u00f6nnen Sie sich gerne direkt an uns wenden.<\/p>\n<p>[\/et_pb_text][et_pb_button button_url=&#8220;https:\/\/babboportocolom.com\/de\/&#8220; button_text=&#8220;KEHRE NACH HAUSE ZUR\u00dcCK&#8220; button_alignment=&#8220;center&#8220; _builder_version=&#8220;4.20.4&#8243; _module_preset=&#8220;default&#8220; custom_button=&#8220;on&#8220; button_text_size=&#8220;13px&#8220; button_text_color=&#8220;#f6f3ef&#8220; button_bg_color=&#8220;#dc7f2d&#8220; button_border_color=&#8220;RGBA(255,255,255,0)&#8220; button_border_radius=&#8220;0px&#8220; button_letter_spacing=&#8220;1px&#8220; button_font=&#8220;Assistant|700||on|||||&#8220; button_use_icon=&#8220;off&#8220; custom_margin=&#8220;0px||0px||false|false&#8220; custom_margin_tablet=&#8220;0px||80px||false|false&#8220; custom_margin_phone=&#8220;0px||55px||false|false&#8220; custom_margin_last_edited=&#8220;on|tablet&#8220; custom_padding=&#8220;18px|48px|18px|48px|true|false&#8220; animation_direction=&#8220;bottom&#8220; global_colors_info=&#8220;{}&#8220; button_bg_color__hover_enabled=&#8220;on|desktop&#8220; button_bg_enable_color__hover=&#8220;on&#8220; button_bg_color__hover=&#8220;#3b271b&#8220;][\/et_pb_button][et_pb_code admin_label=&#8220;responsive form code&#8220; _builder_version=&#8220;4.21.0&#8243; _module_preset=&#8220;default&#8220; custom_margin=&#8220;0px||0px||false|false&#8220; custom_padding=&#8220;0px||0px||false|false&#8220; global_colors_info=&#8220;{}&#8220;]<\/p>\n<style><!-- [et_pb_line_break_holder] -->@media (max-width: 1290px) {<!-- [et_pb_line_break_holder] --> <!-- [et_pb_line_break_holder] -->p.et_pb_contact_field {<!-- [et_pb_line_break_holder] -->max-width: 100% !important;<!-- [et_pb_line_break_holder] -->}<!-- [et_pb_line_break_holder] -->}<!-- [et_pb_line_break_holder] --><\/style>\n<p>[\/et_pb_code][\/et_pb_column][\/et_pb_row][\/et_pb_section]<\/p>\n","protected":false},"excerpt":{"rendered":"<p>DANKEVielen Dank f\u00fcr die Kontaktaufnahmemit dem BABBO-TeamWir haben Ihre Nachricht erhalten und werden uns schnellstm\u00f6glich mit Ihnen in Verbindung setzen.Wir freuen uns \u00fcber Ihr Interesse an unseren Dienstleistungen und freuen uns, Sie bei Ihrem Beratungsbedarf unterst\u00fctzen zu d\u00fcrfen. Wenn Sie weitere Fragen haben oder weitere Informationen ben\u00f6tigen, k\u00f6nnen Sie sich gerne direkt an uns wenden.<\/p>\n","protected":false},"author":2,"featured_media":0,"parent":0,"menu_order":0,"comment_status":"closed","ping_status":"closed","template":"","meta":{"_et_pb_use_builder":"on","_et_pb_old_content":"","_et_gb_content_width":"","footnotes":""},"class_list":["post-401","page","type-page","status-publish","hentry"],"_links":{"self":[{"href":"https:\/\/babboportocolom.com\/de\/wp-json\/wp\/v2\/pages\/401","targetHints":{"allow":["GET"]}}],"collection":[{"href":"https:\/\/babboportocolom.com\/de\/wp-json\/wp\/v2\/pages"}],"about":[{"href":"https:\/\/babboportocolom.com\/de\/wp-json\/wp\/v2\/types\/page"}],"author":[{"embeddable":true,"href":"https:\/\/babboportocolom.com\/de\/wp-json\/wp\/v2\/users\/2"}],"replies":[{"embeddable":true,"href":"https:\/\/babboportocolom.com\/de\/wp-json\/wp\/v2\/comments?post=401"}],"version-history":[{"count":2,"href":"https:\/\/babboportocolom.com\/de\/wp-json\/wp\/v2\/pages\/401\/revisions"}],"predecessor-version":[{"id":403,"href":"https:\/\/babboportocolom.com\/de\/wp-json\/wp\/v2\/pages\/401\/revisions\/403"}],"wp:attachment":[{"href":"https:\/\/babboportocolom.com\/de\/wp-json\/wp\/v2\/media?parent=401"}],"curies":[{"name":"wp","href":"https:\/\/api.w.org\/{rel}","templated":true}]}}