{"id":392,"date":"2024-09-17T08:31:55","date_gmt":"2024-09-17T06:31:55","guid":{"rendered":"https:\/\/babboportocolom.com\/veranstaltungen\/"},"modified":"2026-04-01T11:38:55","modified_gmt":"2026-04-01T09:38:55","slug":"veranstaltungen","status":"publish","type":"page","link":"https:\/\/babboportocolom.com\/de\/veranstaltungen\/","title":{"rendered":"Veranstaltungen"},"content":{"rendered":"<p>[et_pb_section fb_built=&#8220;1&#8243; custom_padding_last_edited=&#8220;on|tablet&#8220; _builder_version=&#8220;4.27.0&#8243; _module_preset=&#8220;default&#8220; background_enable_color=&#8220;off&#8220; background_image=&#8220;https:\/\/babboportocolom.com\/wp-content\/uploads\/2024\/09\/edu-cabalin-manresa-maZi-VUlDm8-unsplash.jpg&#8220; parallax=&#8220;on&#8220; custom_margin=&#8220;0px||0px||false|false&#8220; custom_padding=&#8220;100px||100px||true|false&#8220; custom_padding_tablet=&#8220;180px||50px||false|false&#8220; custom_padding_phone=&#8220;120px||||false|false&#8220; animation_style=&#8220;fade&#8220; animation_speed_curve=&#8220;ease&#8220; locked=&#8220;off&#8220; global_colors_info=&#8220;{}&#8220;][et_pb_row _builder_version=&#8220;4.21.0&#8243; _module_preset=&#8220;default&#8220; positioning=&#8220;none&#8220; position_origin_a=&#8220;center_center&#8220; width=&#8220;90%&#8220; max_width=&#8220;890px&#8220; custom_margin=&#8220;0px||0px||false|false&#8220; custom_padding=&#8220;0px||0px||false|false&#8220; custom_css_main_element=&#8220;text-align:center;&#8220; global_colors_info=&#8220;{}&#8220;][et_pb_column type=&#8220;4_4&#8243; _builder_version=&#8220;4.17.0&#8243; _module_preset=&#8220;default&#8220; global_colors_info=&#8220;{}&#8220;][et_pb_text _builder_version=&#8220;4.27.6&#8243; _module_preset=&#8220;default&#8220; header_font=&#8220;Inria Sans|300||on|||||&#8220; header_text_align=&#8220;center&#8220; header_text_color=&#8220;#FFFFFF&#8220; header_font_size=&#8220;71px&#8220; header_letter_spacing=&#8220;-2px&#8220; header_line_height=&#8220;0.9em&#8220; max_width=&#8220;880px&#8220; max_width_last_edited=&#8220;off|desktop&#8220; module_alignment=&#8220;center&#8220; custom_margin=&#8220;0px||11px||false|false&#8220; custom_margin_tablet=&#8220;0px||11px||false|false&#8220; custom_margin_phone=&#8220;0px||15px||false|false&#8220; custom_margin_last_edited=&#8220;on|phone&#8220; custom_padding=&#8220;0px||0px||false|false&#8220; animation_style=&#8220;slide&#8220; animation_direction=&#8220;bottom&#8220; animation_delay=&#8220;500ms&#8220; animation_intensity_slide=&#8220;8%&#8220; animation_speed_curve=&#8220;ease&#8220; header_font_size_tablet=&#8220;52px&#8220; header_font_size_phone=&#8220;32px&#8220; header_font_size_last_edited=&#8220;on|tablet&#8220; global_colors_info=&#8220;{}&#8220;]<\/p>\n<h1>Feiere dein Event direkt am Meer in Portocolom<\/h1>\n<p>[\/et_pb_text][et_pb_button button_url=&#8220;#MasInformacion&#8220; button_text=&#8220;MEHR ERFAHREN&#8220; button_alignment=&#8220;center&#8220; _builder_version=&#8220;4.27.0&#8243; _module_preset=&#8220;default&#8220; custom_button=&#8220;on&#8220; button_text_size=&#8220;13px&#8220; button_text_color=&#8220;#FFFFFF&#8220; button_bg_color=&#8220;#dc7f2d&#8220; button_border_color=&#8220;RGBA(255,255,255,0)&#8220; button_border_radius=&#8220;0px&#8220; button_letter_spacing=&#8220;1px&#8220; button_font=&#8220;Assistant|700||on|||||&#8220; button_use_icon=&#8220;off&#8220; custom_margin=&#8220;0px||70px||false|false&#8220; custom_margin_tablet=&#8220;||140px||false|false&#8220; custom_margin_phone=&#8220;0px||120px||false|false&#8220; custom_margin_last_edited=&#8220;on|phone&#8220; custom_padding=&#8220;16px|49px|16px|49px|false|false&#8220; animation_style=&#8220;slide&#8220; animation_direction=&#8220;bottom&#8220; animation_delay=&#8220;800ms&#8220; animation_intensity_slide=&#8220;12%&#8220; animation_speed_curve=&#8220;ease&#8220; global_colors_info=&#8220;{}&#8220; button_bg_color__hover_enabled=&#8220;on|desktop&#8220; button_bg_enable_color__hover=&#8220;on&#8220; button_bg_color__hover=&#8220;#2f1d13&#8243;][\/et_pb_button][\/et_pb_column][\/et_pb_row][\/et_pb_section][et_pb_section fb_built=&#8220;1&#8243; custom_padding_last_edited=&#8220;on|phone&#8220; module_id=&#8220;MasInformacion&#8220; _builder_version=&#8220;4.27.0&#8243; _module_preset=&#8220;default&#8220; background_color=&#8220;#f6f3ef&#8220; background_position=&#8220;top_center&#8220; custom_margin=&#8220;0px||0px||false|false&#8220; custom_padding=&#8220;120px||120px||false|false&#8220; custom_padding_tablet=&#8220;120px||120px||false|false&#8220; custom_padding_phone=&#8220;90px||90px||false|false&#8220; locked=&#8220;off&#8220; global_colors_info=&#8220;{}&#8220;][et_pb_row column_structure=&#8220;1_2,1_4,1_4&#8243; use_custom_gutter=&#8220;on&#8220; gutter_width=&#8220;1&#8243; make_equal=&#8220;on&#8220; module_class=&#8220;res-22-a-imgfcoversc&#8220; _builder_version=&#8220;4.21.0&#8243; _module_preset=&#8220;default&#8220; width=&#8220;90%&#8220; max_width=&#8220;1290px&#8220; custom_margin=&#8220;0px||0px||false|false&#8220; custom_padding=&#8220;0px||0px||false|false&#8220; animation_style=&#8220;fade&#8220; animation_duration=&#8220;700ms&#8220; animation_delay=&#8220;500ms&#8220; animation_speed_curve=&#8220;ease&#8220; global_colors_info=&#8220;{}&#8220;][et_pb_column type=&#8220;1_2&#8243; _builder_version=&#8220;4.21.0&#8243; _module_preset=&#8220;default&#8220; custom_padding=&#8220;|85px|||false|false&#8220; custom_padding_tablet=&#8220;|85px|||false|false&#8220; custom_padding_phone=&#8220;|0px|||false|false&#8220; custom_padding_last_edited=&#8220;on|phone&#8220; custom_css_main_element=&#8220;margin:auto;&#8220; global_colors_info=&#8220;{}&#8220;][et_pb_text _builder_version=&#8220;4.20.4&#8243; _module_preset=&#8220;default&#8220; header_3_font=&#8220;Inria Sans|700||on|||||&#8220; header_3_text_align=&#8220;left&#8220; header_3_text_color=&#8220;#dc7f2d&#8220; header_3_font_size=&#8220;15px&#8220; header_3_letter_spacing=&#8220;0.13em&#8220; custom_margin=&#8220;0px||14px||false|false&#8220; custom_padding=&#8220;0px||0px||false|false&#8220; global_colors_info=&#8220;{}&#8220;]<\/p>\n<h3>UNSERE VERANSTALTUNGEN<\/h3>\n<p>[\/et_pb_text][et_pb_text _builder_version=&#8220;4.27.0&#8243; _module_preset=&#8220;default&#8220; header_2_font=&#8220;Inria Sans|300||on|||||&#8220; header_2_text_align=&#8220;left&#8220; header_2_text_color=&#8220;#2f1d13&#8243; header_2_font_size=&#8220;53px&#8220; header_2_letter_spacing=&#8220;-2px&#8220; header_2_line_height=&#8220;1.1em&#8220; max_width_tablet=&#8220;100%&#8220; max_width_phone=&#8220;100%&#8220; max_width_last_edited=&#8220;off|desktop&#8220; custom_margin=&#8220;0px||20px||false|false&#8220; custom_padding=&#8220;0px||0px||false|false&#8220; header_2_font_size_tablet=&#8220;55px&#8220; header_2_font_size_phone=&#8220;30px&#8220; header_2_font_size_last_edited=&#8220;on|phone&#8220; global_colors_info=&#8220;{}&#8220;]<\/p>\n<h2>Wir gestalten es ganz nach deinen W\u00fcnschen.<\/h2>\n<p>[\/et_pb_text][et_pb_text _builder_version=&#8220;4.27.2&#8243; _module_preset=&#8220;default&#8220; text_font=&#8220;Inria Sans||||||||&#8220; text_text_color=&#8220;#6b6e71&#8243; text_font_size=&#8220;18px&#8220; text_line_height=&#8220;1.6em&#8220; custom_margin=&#8220;0px||42px||false|false&#8220; custom_padding=&#8220;0px||0px||false|false&#8220; global_colors_info=&#8220;{}&#8220;]<\/p>\n<p>Im Babbo erlebt man Feiern rund um den Tisch. Geburtstage mit Freunden, Firmenessen, Gruppenessen, Saisonabschl\u00fcsse oder einfach jeder gute Anlass, um direkt am Meer zusammenzukommen, gut zu essen und den Moment danach ganz entspannt flie\u00dfen zu lassen.<\/p>\n<p>Wir k\u00fcmmern uns um die Details, die daf\u00fcr sorgen, dass am Tisch alles stimmt und sich jeder Gast rundum wohlf\u00fchlt. Und wenn der Plan nach ein bisschen mehr Zeit verlangt, ist das Hostal nur ein paar Schritte entfernt, um dort zu \u00fcbernachten und in Portocolom aufzuwachen.<\/p>\n<p>[\/et_pb_text][et_pb_button button_url=&#8220;https:\/\/babboportocolom.com\/de\/kontakt\/&#8220; button_text=&#8220;Schreib uns&#8220; button_alignment=&#8220;left&#8220; _builder_version=&#8220;4.27.6&#8243; _module_preset=&#8220;default&#8220; custom_button=&#8220;on&#8220; button_text_size=&#8220;13px&#8220; button_text_color=&#8220;#f6f3ef&#8220; button_bg_color=&#8220;#dc7f2d&#8220; button_border_color=&#8220;RGBA(255,255,255,0)&#8220; button_border_radius=&#8220;0px&#8220; button_letter_spacing=&#8220;1px&#8220; button_font=&#8220;Assistant|700||on|||||&#8220; button_use_icon=&#8220;off&#8220; custom_margin=&#8220;0px||0px||false|false&#8220; custom_margin_tablet=&#8220;0px||80px||false|false&#8220; custom_margin_phone=&#8220;0px||55px||false|false&#8220; custom_margin_last_edited=&#8220;on|tablet&#8220; custom_padding=&#8220;18px|48px|18px|48px|true|false&#8220; animation_direction=&#8220;bottom&#8220; global_colors_info=&#8220;{}&#8220; button_bg_color__hover_enabled=&#8220;on|desktop&#8220; button_bg_enable_color__hover=&#8220;on&#8220; button_bg_color__hover=&#8220;#3b271b&#8220;][\/et_pb_button][et_pb_code admin_label=&#8220;img size cover code&#8220; _builder_version=&#8220;4.21.0&#8243; _module_preset=&#8220;default&#8220; custom_margin=&#8220;0px||0px||false|false&#8220; custom_padding=&#8220;0px||0px||false|false&#8220; global_colors_info=&#8220;{}&#8220;]<\/p>\n<style><!-- [et_pb_line_break_holder] -->  .res-22-a-imgfcoversc .et_pb_image  img{<!-- [et_pb_line_break_holder] -->    object-fit: cover;<!-- [et_pb_line_break_holder] -->  } <!-- [et_pb_line_break_holder] --><\/style>\n<p>[\/et_pb_code][\/et_pb_column][et_pb_column type=&#8220;1_4&#8243; _builder_version=&#8220;4.21.0&#8243; _module_preset=&#8220;default&#8220; custom_padding=&#8220;|15px||0px|false|false&#8220; custom_padding_tablet=&#8220;|15px||0px|false|false&#8220; custom_padding_phone=&#8220;|0px||0px|false|false&#8220; custom_padding_last_edited=&#8220;on|phone&#8220; global_colors_info=&#8220;{}&#8220;][et_pb_image src=&#8220;https:\/\/babboportocolom.com\/wp-content\/uploads\/2024\/09\/Captura-de-pantalla-2024-09-17-a-las-10.42.11.jpg&#8220; alt=&#8220;Veranstaltungshalle.&#8220; title_text=&#8220;Veranstaltungshalle.&#8220; force_fullwidth=&#8220;on&#8220; _builder_version=&#8220;4.20.4&#8243; _module_preset=&#8220;default&#8220; height=&#8220;522px&#8220; height_tablet=&#8220;522px&#8220; height_phone=&#8220;120vw&#8220; height_last_edited=&#8220;on|tablet&#8220; custom_margin=&#8220;0px||0px||false|false&#8220; custom_margin_tablet=&#8220;0px||0px||false|false&#8220; custom_margin_phone=&#8220;||30px||false|false&#8220; custom_margin_last_edited=&#8220;on|tablet&#8220; custom_padding=&#8220;0px||0px||false|false&#8220; global_colors_info=&#8220;{}&#8220;][\/et_pb_image][\/et_pb_column][et_pb_column type=&#8220;1_4&#8243; _builder_version=&#8220;4.21.0&#8243; _module_preset=&#8220;default&#8220; custom_padding=&#8220;|0px||15px|false|false&#8220; custom_padding_tablet=&#8220;|0px||15px|false|false&#8220; custom_padding_phone=&#8220;|0px||0px|false|false&#8220; custom_padding_last_edited=&#8220;on|phone&#8220; global_colors_info=&#8220;{}&#8220;][et_pb_image src=&#8220;https:\/\/babboportocolom.com\/wp-content\/uploads\/2024\/09\/Captura-de-pantalla-2024-09-17-a-las-11.33.29.jpg&#8220; alt=&#8220;Sol,\u2600\ufe0f Mar,???? y  ca\u00f1as.????&#8220; title_text=&#8220;Sol,\u2600\ufe0f Mar,???? y  ca\u00f1as.????&#8220; force_fullwidth=&#8220;on&#8220; _builder_version=&#8220;4.20.4&#8243; _module_preset=&#8220;default&#8220; height=&#8220;522px&#8220; height_tablet=&#8220;522px&#8220; height_phone=&#8220;60vw&#8220; height_last_edited=&#8220;on|tablet&#8220; custom_margin=&#8220;0px||0px||false|false&#8220; custom_padding=&#8220;0px||0px||false|false&#8220; global_colors_info=&#8220;{}&#8220;][\/et_pb_image][\/et_pb_column][\/et_pb_row][\/et_pb_section][et_pb_section fb_built=&#8220;1&#8243; custom_padding_last_edited=&#8220;on|phone&#8220; disabled_on=&#8220;on|on|on&#8220; _builder_version=&#8220;4.27.0&#8243; _module_preset=&#8220;default&#8220; background_color=&#8220;#f6f3ef&#8220; custom_margin=&#8220;0px||0px||false|false&#8220; custom_padding=&#8220;120px||120px||true|false&#8220; custom_padding_tablet=&#8220;120px||110px||false|false&#8220; custom_padding_phone=&#8220;86px||80px||false|false&#8220; disabled=&#8220;on&#8220; locked=&#8220;off&#8220; global_colors_info=&#8220;{}&#8220;][et_pb_row column_structure=&#8220;1_3,1_3,1_3&#8243; use_custom_gutter=&#8220;on&#8220; gutter_width=&#8220;2&#8243; make_equal=&#8220;on&#8220; custom_padding_last_edited=&#8220;off|desktop&#8220; _builder_version=&#8220;4.21.0&#8243; _module_preset=&#8220;default&#8220; width=&#8220;90%&#8220; max_width=&#8220;1290px&#8220; custom_margin=&#8220;0px||0px||false|false&#8220; custom_margin_phone=&#8220;0px||0px||false|false&#8220; custom_margin_last_edited=&#8220;off|desktop&#8220; custom_padding=&#8220;0px||0px||false|false&#8220; custom_padding_phone=&#8220;||0px||false|false&#8220; animation_style=&#8220;fade&#8220; animation_duration=&#8220;700ms&#8220; animation_delay=&#8220;500ms&#8220; animation_speed_curve=&#8220;ease&#8220; global_colors_info=&#8220;{}&#8220;][et_pb_column type=&#8220;1_3&#8243; _builder_version=&#8220;4.21.0&#8243; _module_preset=&#8220;default&#8220; global_colors_info=&#8220;{}&#8220;][et_pb_text _builder_version=&#8220;4.27.0&#8243; _module_preset=&#8220;default&#8220; header_3_font=&#8220;Inria Sans|300||on|||||&#8220; header_3_text_align=&#8220;center&#8220; header_3_text_color=&#8220;#2f1d13&#8243; header_3_font_size=&#8220;27px&#8220; header_3_letter_spacing=&#8220;-2px&#8220; header_3_line_height=&#8220;1.2em&#8220; max_width=&#8220;340px&#8220; module_alignment=&#8220;center&#8220; custom_margin=&#8220;0px||6px||false|false&#8220; custom_padding=&#8220;0px||0px||false|false&#8220; header_3_font_size_tablet=&#8220;27px&#8220; header_3_font_size_phone=&#8220;26px&#8220; header_3_font_size_last_edited=&#8220;on|phone&#8220; global_colors_info=&#8220;{}&#8220;]<\/p>\n<h3>F\u00e4higkeit<\/h3>\n<p>[\/et_pb_text][et_pb_text _builder_version=&#8220;4.27.0&#8243; _module_preset=&#8220;default&#8220; text_font=&#8220;Assistant||||||||&#8220; text_text_color=&#8220;#7f7c79&#8243; text_font_size=&#8220;18px&#8220; text_line_height=&#8220;1.6em&#8220; text_orientation=&#8220;center&#8220; max_width=&#8220;340px&#8220; module_alignment=&#8220;center&#8220; custom_margin=&#8220;0px||25px||false|false&#8220; custom_padding=&#8220;0px||0px||false|false&#8220; global_colors_info=&#8220;{}&#8220;]<\/p>\n<p>Capacidad m\u00e1xima<br \/>de 35 personas.<\/p>\n<p>[\/et_pb_text][\/et_pb_column][et_pb_column type=&#8220;1_3&#8243; _builder_version=&#8220;4.21.0&#8243; _module_preset=&#8220;default&#8220; global_colors_info=&#8220;{}&#8220;][et_pb_text _builder_version=&#8220;4.20.4&#8243; _module_preset=&#8220;default&#8220; header_3_font=&#8220;Inria Sans|300||on|||||&#8220; header_3_text_align=&#8220;center&#8220; header_3_text_color=&#8220;#2f1d13&#8243; header_3_font_size=&#8220;27px&#8220; header_3_letter_spacing=&#8220;-2px&#8220; header_3_line_height=&#8220;1.2em&#8220; max_width=&#8220;340px&#8220; module_alignment=&#8220;center&#8220; custom_margin=&#8220;0px||6px||false|false&#8220; custom_padding=&#8220;0px||0px||false|false&#8220; header_3_font_size_tablet=&#8220;27px&#8220; header_3_font_size_phone=&#8220;26px&#8220; header_3_font_size_last_edited=&#8220;on|phone&#8220; global_colors_info=&#8220;{}&#8220;]<\/p>\n<h3>Abendveranstaltungen<\/h3>\n<p>[\/et_pb_text][et_pb_text _builder_version=&#8220;4.27.2&#8243; _module_preset=&#8220;default&#8220; text_font=&#8220;Assistant||||||||&#8220; text_text_color=&#8220;#7f7c79&#8243; text_font_size=&#8220;18px&#8220; text_line_height=&#8220;1.6em&#8220; text_orientation=&#8220;center&#8220; max_width=&#8220;340px&#8220; module_alignment=&#8220;center&#8220; custom_margin=&#8220;0px||25px||false|false&#8220; custom_padding=&#8220;0px||0px||false|false&#8220; global_colors_info=&#8220;{}&#8220;]<\/p>\n<p>Puedes realizar eventos nocturnos<br \/>hasta la 12:00 pm<\/p>\n<p>[\/et_pb_text][\/et_pb_column][et_pb_column type=&#8220;1_3&#8243; _builder_version=&#8220;4.21.0&#8243; _module_preset=&#8220;default&#8220; global_colors_info=&#8220;{}&#8220;][et_pb_text _builder_version=&#8220;4.20.4&#8243; _module_preset=&#8220;default&#8220; header_3_font=&#8220;Inria Sans|300||on|||||&#8220; header_3_text_align=&#8220;center&#8220; header_3_text_color=&#8220;#2f1d13&#8243; header_3_font_size=&#8220;27px&#8220; header_3_letter_spacing=&#8220;-2px&#8220; header_3_line_height=&#8220;1.2em&#8220; max_width=&#8220;340px&#8220; module_alignment=&#8220;center&#8220; custom_margin=&#8220;0px||6px||false|false&#8220; custom_padding=&#8220;0px||0px||false|false&#8220; header_3_font_size_tablet=&#8220;27px&#8220; header_3_font_size_phone=&#8220;26px&#8220; header_3_font_size_last_edited=&#8220;on|phone&#8220; global_colors_info=&#8220;{}&#8220;]<\/p>\n<h3>Mieten<\/h3>\n<p>[\/et_pb_text][et_pb_text _builder_version=&#8220;4.27.0&#8243; _module_preset=&#8220;default&#8220; text_font=&#8220;Assistant||||||||&#8220; text_text_color=&#8220;#7f7c79&#8243; text_font_size=&#8220;18px&#8220; text_line_height=&#8220;1.6em&#8220; text_orientation=&#8220;center&#8220; max_width=&#8220;340px&#8220; module_alignment=&#8220;center&#8220; custom_margin=&#8220;0px||25px||false|false&#8220; custom_padding=&#8220;0px||0px||false|false&#8220; global_colors_info=&#8220;{}&#8220;]<\/p>\n<p>Die Miete versteht sich pro Tag und Preis pro Person bei Mindestverbrauch.<\/p>\n<p>[\/et_pb_text][\/et_pb_column][\/et_pb_row][\/et_pb_section][et_pb_section fb_built=&#8220;1&#8243; custom_padding_last_edited=&#8220;on|tablet&#8220; disabled_on=&#8220;on|on|on&#8220; _builder_version=&#8220;4.27.0&#8243; _module_preset=&#8220;default&#8220; background_color=&#8220;#FFFFFF&#8220; custom_margin=&#8220;0px||0px||false|false&#8220; custom_padding=&#8220;120px||100px||false|false&#8220; custom_padding_tablet=&#8220;120px||100px||false|false&#8220; custom_padding_phone=&#8220;90px||90px||false|false&#8220; disabled=&#8220;on&#8220; locked=&#8220;off&#8220; global_colors_info=&#8220;{}&#8220;][et_pb_row _builder_version=&#8220;4.27.2&#8243; _module_preset=&#8220;default&#8220; background_image=&#8220;https:\/\/babboportocolom.com\/wp-content\/uploads\/2025\/02\/Ico_Contacto.png&#8220; background_size=&#8220;initial&#8220; background_position=&#8220;top_center&#8220; width=&#8220;90%&#8220; max_width=&#8220;1290px&#8220; custom_margin=&#8220;0px||0px||false|false&#8220; custom_padding=&#8220;100px||0px||false|false&#8220; animation_style=&#8220;fade&#8220; animation_duration=&#8220;700ms&#8220; animation_delay=&#8220;500ms&#8220; animation_speed_curve=&#8220;ease&#8220; global_colors_info=&#8220;{}&#8220;][et_pb_column type=&#8220;4_4&#8243; _builder_version=&#8220;4.21.0&#8243; _module_preset=&#8220;default&#8220; global_colors_info=&#8220;{}&#8220;][et_pb_text _builder_version=&#8220;4.27.2&#8243; _module_preset=&#8220;default&#8220; header_3_font=&#8220;Inria Sans|700|||||||&#8220; header_3_text_align=&#8220;center&#8220; header_3_text_color=&#8220;#dc7f2d&#8220; header_3_font_size=&#8220;15px&#8220; header_3_letter_spacing=&#8220;0.13em&#8220; custom_margin=&#8220;3%||14px||false|false&#8220; custom_padding=&#8220;0px||0px||false|false&#8220; global_colors_info=&#8220;{}&#8220;]<\/p>\n<h3>BUCHEN SIE IHRE VERANSTALTUNG<\/h3>\n<p>[\/et_pb_text][et_pb_text _builder_version=&#8220;4.27.2&#8243; _module_preset=&#8220;default&#8220; header_2_font=&#8220;Inria Sans|300||on|||||&#8220; header_2_text_align=&#8220;center&#8220; header_2_text_color=&#8220;#2f1d13&#8243; header_2_font_size=&#8220;43px&#8220; header_2_letter_spacing=&#8220;-2px&#8220; header_2_line_height=&#8220;1.1em&#8220; max_width=&#8220;720px&#8220; max_width_tablet=&#8220;100%&#8220; max_width_last_edited=&#8220;off|desktop&#8220; module_alignment=&#8220;center&#8220; custom_margin=&#8220;0px||31px||false|false&#8220; custom_padding=&#8220;0px||0px||false|false&#8220; header_2_font_size_tablet=&#8220;43px&#8220; header_2_font_size_phone=&#8220;26px&#8220; header_2_font_size_last_edited=&#8220;on|tablet&#8220; global_colors_info=&#8220;{}&#8220;]<\/p>\n<h2>M\u00f6chten Sie Ihr n\u00e4chstes Meeting in unserem Raum organisieren?<\/h2>\n<p>[\/et_pb_text][et_pb_text _builder_version=&#8220;4.27.2&#8243; _module_preset=&#8220;default&#8220; text_font=&#8220;Inria Sans||||||||&#8220; text_text_color=&#8220;#6b6e71&#8243; text_font_size=&#8220;18px&#8220; text_line_height=&#8220;1.6em&#8220; max_width=&#8220;420px&#8220; module_alignment=&#8220;center&#8220; custom_margin=&#8220;0px||42px||false|false&#8220; custom_padding=&#8220;0px||0px||false|false&#8220; global_colors_info=&#8220;{}&#8220;]<\/p>\n<p style=\"text-align: center;\">Wenn es ums Feiern geht, z\u00e4hlen Sie auf uns, wir haben ein Team, das Sie jederzeit beratend und begleitend begleiten kann.<\/p>\n<p>[\/et_pb_text][et_pb_button button_url=&#8220;https:\/\/babboportocolom.com\/de\/kontakt\/&#8220; button_text=&#8220;RESERVIERUNG&#8220; button_alignment=&#8220;center&#8220; _builder_version=&#8220;4.27.4&#8243; _module_preset=&#8220;default&#8220; custom_button=&#8220;on&#8220; button_text_size=&#8220;13px&#8220; button_text_color=&#8220;#f6f3ef&#8220; button_bg_color=&#8220;#dc7f2d&#8220; button_border_color=&#8220;RGBA(255,255,255,0)&#8220; button_border_radius=&#8220;0px&#8220; button_letter_spacing=&#8220;1px&#8220; button_font=&#8220;Assistant|700||on|||||&#8220; button_use_icon=&#8220;off&#8220; custom_margin=&#8220;0px||0px||false|false&#8220; custom_margin_tablet=&#8220;0px||80px||false|false&#8220; custom_margin_phone=&#8220;0px||55px||false|false&#8220; custom_margin_last_edited=&#8220;on|tablet&#8220; custom_padding=&#8220;18px|48px|18px|48px|true|false&#8220; animation_direction=&#8220;bottom&#8220; global_colors_info=&#8220;{}&#8220; button_bg_color__hover_enabled=&#8220;on|desktop&#8220; button_bg_enable_color__hover=&#8220;on&#8220; button_bg_color__hover=&#8220;#3b271b&#8220;][\/et_pb_button][et_pb_code admin_label=&#8220;responsive form code&#8220; _builder_version=&#8220;4.21.0&#8243; _module_preset=&#8220;default&#8220; custom_margin=&#8220;0px||0px||false|false&#8220; custom_padding=&#8220;0px||0px||false|false&#8220; global_colors_info=&#8220;{}&#8220;]<\/p>\n<style><!-- [et_pb_line_break_holder] -->@media (max-width: 1290px) {<!-- [et_pb_line_break_holder] --> <!-- [et_pb_line_break_holder] -->p.et_pb_contact_field {<!-- [et_pb_line_break_holder] -->max-width: 100% !important;<!-- [et_pb_line_break_holder] -->}<!-- [et_pb_line_break_holder] -->}<!-- [et_pb_line_break_holder] --><\/style>\n<p>[\/et_pb_code][\/et_pb_column][\/et_pb_row][\/et_pb_section]<\/p>\n","protected":false},"excerpt":{"rendered":"<p>Feiere dein Event direkt am Meer in PortocolomUNSERE VERANSTALTUNGENWir gestalten es ganz nach deinen W\u00fcnschen.Im Babbo erlebt man Feiern rund um den Tisch. Geburtstage mit Freunden, Firmenessen, Gruppenessen, Saisonabschl\u00fcsse oder einfach jeder gute Anlass, um direkt am Meer zusammenzukommen, gut zu essen und den Moment danach ganz entspannt flie\u00dfen zu lassen.Wir k\u00fcmmern uns um die [&hellip;]<\/p>\n","protected":false},"author":2,"featured_media":0,"parent":0,"menu_order":0,"comment_status":"closed","ping_status":"closed","template":"","meta":{"_et_pb_use_builder":"on","_et_pb_old_content":"","_et_gb_content_width":"","footnotes":""},"class_list":["post-392","page","type-page","status-publish","hentry"],"_links":{"self":[{"href":"https:\/\/babboportocolom.com\/de\/wp-json\/wp\/v2\/pages\/392","targetHints":{"allow":["GET"]}}],"collection":[{"href":"https:\/\/babboportocolom.com\/de\/wp-json\/wp\/v2\/pages"}],"about":[{"href":"https:\/\/babboportocolom.com\/de\/wp-json\/wp\/v2\/types\/page"}],"author":[{"embeddable":true,"href":"https:\/\/babboportocolom.com\/de\/wp-json\/wp\/v2\/users\/2"}],"replies":[{"embeddable":true,"href":"https:\/\/babboportocolom.com\/de\/wp-json\/wp\/v2\/comments?post=392"}],"version-history":[{"count":8,"href":"https:\/\/babboportocolom.com\/de\/wp-json\/wp\/v2\/pages\/392\/revisions"}],"predecessor-version":[{"id":918,"href":"https:\/\/babboportocolom.com\/de\/wp-json\/wp\/v2\/pages\/392\/revisions\/918"}],"wp:attachment":[{"href":"https:\/\/babboportocolom.com\/de\/wp-json\/wp\/v2\/media?parent=392"}],"curies":[{"name":"wp","href":"https:\/\/api.w.org\/{rel}","templated":true}]}}